{"id":346254,"date":"2026-05-03T01:27:18","date_gmt":"2026-05-02T22:27:18","guid":{"rendered":"https:\/\/ventspils.citro.lv\/veikals\/kilavu-rolmopsi-garsvielu-salijuma-180g-135g\/"},"modified":"2026-05-03T01:27:29","modified_gmt":"2026-05-02T22:27:29","slug":"kilavu-rolmopsi-garsvielu-salijuma-180g-135g","status":"publish","type":"product","link":"https:\/\/ventspils.citro.lv\/ru\/veikals\/kilavu-rolmopsi-garsvielu-salijuma-180g-135g\/","title":{"rendered":"\u0136ilavu rolmop\u0161i gar\u0161vielu s\u0101l\u012bjum\u0101 180g\/135g"},"content":{"rendered":"","protected":false},"excerpt":{"rendered":"<p>16.22 \u20ac\/kg<\/p>\n","protected":false},"featured_media":1255753,"template":"","meta":{"_acf_changed":false,"inline_featured_image":false},"product_cat":[545,135],"product_tag":[],"acf":[],"aioseo_notices":[],"_links":{"self":[{"href":"https:\/\/ventspils.citro.lv\/ru\/wp-json\/wp\/v2\/product\/346254"}],"collection":[{"href":"https:\/\/ventspils.citro.lv\/ru\/wp-json\/wp\/v2\/product"}],"about":[{"href":"https:\/\/ventspils.citro.lv\/ru\/wp-json\/wp\/v2\/types\/product"}],"wp:featuredmedia":[{"embeddable":true,"href":"https:\/\/ventspils.citro.lv\/ru\/wp-json\/wp\/v2\/media\/1255753"}],"wp:attachment":[{"href":"https:\/\/ventspils.citro.lv\/ru\/wp-json\/wp\/v2\/media?parent=346254"}],"wp:term":[{"taxonomy":"product_cat","embeddable":true,"href":"https:\/\/ventspils.citro.lv\/ru\/wp-json\/wp\/v2\/product_cat?post=346254"},{"taxonomy":"product_tag","embeddable":true,"href":"https:\/\/ventspils.citro.lv\/ru\/wp-json\/wp\/v2\/product_tag?post=346254"}],"curies":[{"name":"wp","href":"https:\/\/api.w.org\/{rel}","templated":true}]}}