{"id":346253,"date":"2026-04-09T04:03:49","date_gmt":"2026-04-09T01:03:49","guid":{"rendered":"https:\/\/ventspils.citro.lv\/veikals\/rengu-liemeni-cepti-marinade-500g-250g\/"},"modified":"2026-04-09T04:03:59","modified_gmt":"2026-04-09T01:03:59","slug":"rengu-liemeni-cepti-marinade-500g-250g","status":"publish","type":"product","link":"https:\/\/ventspils.citro.lv\/ru\/veikals\/rengu-liemeni-cepti-marinade-500g-250g\/","title":{"rendered":"Re\u0146\u0123u lieme\u0146i cepti marin\u0101de 500g\/250g"},"content":{"rendered":"","protected":false},"excerpt":{"rendered":"<p>12.36 \u20ac\/kg<\/p>\n","protected":false},"featured_media":1242212,"template":"","meta":{"_acf_changed":false,"inline_featured_image":false},"product_cat":[545,135],"product_tag":[],"acf":[],"aioseo_notices":[],"_links":{"self":[{"href":"https:\/\/ventspils.citro.lv\/ru\/wp-json\/wp\/v2\/product\/346253"}],"collection":[{"href":"https:\/\/ventspils.citro.lv\/ru\/wp-json\/wp\/v2\/product"}],"about":[{"href":"https:\/\/ventspils.citro.lv\/ru\/wp-json\/wp\/v2\/types\/product"}],"wp:featuredmedia":[{"embeddable":true,"href":"https:\/\/ventspils.citro.lv\/ru\/wp-json\/wp\/v2\/media\/1242212"}],"wp:attachment":[{"href":"https:\/\/ventspils.citro.lv\/ru\/wp-json\/wp\/v2\/media?parent=346253"}],"wp:term":[{"taxonomy":"product_cat","embeddable":true,"href":"https:\/\/ventspils.citro.lv\/ru\/wp-json\/wp\/v2\/product_cat?post=346253"},{"taxonomy":"product_tag","embeddable":true,"href":"https:\/\/ventspils.citro.lv\/ru\/wp-json\/wp\/v2\/product_tag?post=346253"}],"curies":[{"name":"wp","href":"https:\/\/api.w.org\/{rel}","templated":true}]}}