{"id":346152,"date":"2026-04-10T07:42:59","date_gmt":"2026-04-10T04:42:59","guid":{"rendered":"https:\/\/ventspils.citro.lv\/veikals\/merce-adzikas-pure-260g\/"},"modified":"2026-04-10T07:43:09","modified_gmt":"2026-04-10T04:43:09","slug":"merce-adzikas-pure-260g","status":"publish","type":"product","link":"https:\/\/ventspils.citro.lv\/ru\/veikals\/merce-adzikas-pure-260g\/","title":{"rendered":"M\u0113rce ad\u017eikas P\u016bre 260g"},"content":{"rendered":"","protected":false},"excerpt":{"rendered":"<p>8.89 \u20ac\/kg<\/p>\n","protected":false},"featured_media":1243721,"template":"","meta":{"_acf_changed":false,"inline_featured_image":false},"product_cat":[116,208],"product_tag":[],"acf":[],"aioseo_notices":[],"_links":{"self":[{"href":"https:\/\/ventspils.citro.lv\/ru\/wp-json\/wp\/v2\/product\/346152"}],"collection":[{"href":"https:\/\/ventspils.citro.lv\/ru\/wp-json\/wp\/v2\/product"}],"about":[{"href":"https:\/\/ventspils.citro.lv\/ru\/wp-json\/wp\/v2\/types\/product"}],"wp:featuredmedia":[{"embeddable":true,"href":"https:\/\/ventspils.citro.lv\/ru\/wp-json\/wp\/v2\/media\/1243721"}],"wp:attachment":[{"href":"https:\/\/ventspils.citro.lv\/ru\/wp-json\/wp\/v2\/media?parent=346152"}],"wp:term":[{"taxonomy":"product_cat","embeddable":true,"href":"https:\/\/ventspils.citro.lv\/ru\/wp-json\/wp\/v2\/product_cat?post=346152"},{"taxonomy":"product_tag","embeddable":true,"href":"https:\/\/ventspils.citro.lv\/ru\/wp-json\/wp\/v2\/product_tag?post=346152"}],"curies":[{"name":"wp","href":"https:\/\/api.w.org\/{rel}","templated":true}]}}