{"id":345351,"date":"2025-12-10T01:36:59","date_gmt":"2025-12-09T23:36:59","guid":{"rendered":"https:\/\/ventspils.citro.lv\/veikals\/bietes-varitas-muizkungu-500g\/"},"modified":"2026-05-04T13:13:45","modified_gmt":"2026-05-04T10:13:45","slug":"bietes-varitas-rivetas-muizkungu-500g","status":"publish","type":"product","link":"https:\/\/ventspils.citro.lv\/ru\/veikals\/bietes-varitas-rivetas-muizkungu-500g\/","title":{"rendered":"Bietes v\u0101r\u012btas r\u012bv\u0113tas Mui\u017ekungu 500g"},"content":{"rendered":"","protected":false},"excerpt":{"rendered":"<p>2.18 \u20ac\/gb<\/p>\n","protected":false},"featured_media":1175345,"template":"","meta":{"_acf_changed":false,"inline_featured_image":false},"product_cat":[97,159],"product_tag":[],"acf":[],"aioseo_notices":[],"_links":{"self":[{"href":"https:\/\/ventspils.citro.lv\/ru\/wp-json\/wp\/v2\/product\/345351"}],"collection":[{"href":"https:\/\/ventspils.citro.lv\/ru\/wp-json\/wp\/v2\/product"}],"about":[{"href":"https:\/\/ventspils.citro.lv\/ru\/wp-json\/wp\/v2\/types\/product"}],"wp:featuredmedia":[{"embeddable":true,"href":"https:\/\/ventspils.citro.lv\/ru\/wp-json\/wp\/v2\/media\/1175345"}],"wp:attachment":[{"href":"https:\/\/ventspils.citro.lv\/ru\/wp-json\/wp\/v2\/media?parent=345351"}],"wp:term":[{"taxonomy":"product_cat","embeddable":true,"href":"https:\/\/ventspils.citro.lv\/ru\/wp-json\/wp\/v2\/product_cat?post=345351"},{"taxonomy":"product_tag","embeddable":true,"href":"https:\/\/ventspils.citro.lv\/ru\/wp-json\/wp\/v2\/product_tag?post=345351"}],"curies":[{"name":"wp","href":"https:\/\/api.w.org\/{rel}","templated":true}]}}