{"id":34509,"date":"2026-03-27T06:06:46","date_gmt":"2026-03-27T04:06:46","guid":{"rendered":"https:\/\/ventspils.citro.lv\/veikals\/pupinas-varitas-vakuuma-300g-2\/"},"modified":"2026-04-01T11:10:03","modified_gmt":"2026-04-01T08:10:03","slug":"pupinas-varitas-vakuuma-300g-2","status":"publish","type":"product","link":"https:\/\/ventspils.citro.lv\/ru\/veikals\/pupinas-varitas-vakuuma-300g-2\/","title":{"rendered":"Pupi\u0146as v\u0101r\u012btas vakuum\u0101 300g"},"content":{"rendered":"","protected":false},"excerpt":{"rendered":"<p>3.30 \u20ac\/kg<\/p>\n","protected":false},"featured_media":1235525,"template":"","meta":{"_acf_changed":false,"inline_featured_image":false},"product_cat":[97,159],"product_tag":[],"acf":[],"aioseo_notices":[],"_links":{"self":[{"href":"https:\/\/ventspils.citro.lv\/ru\/wp-json\/wp\/v2\/product\/34509"}],"collection":[{"href":"https:\/\/ventspils.citro.lv\/ru\/wp-json\/wp\/v2\/product"}],"about":[{"href":"https:\/\/ventspils.citro.lv\/ru\/wp-json\/wp\/v2\/types\/product"}],"wp:featuredmedia":[{"embeddable":true,"href":"https:\/\/ventspils.citro.lv\/ru\/wp-json\/wp\/v2\/media\/1235525"}],"wp:attachment":[{"href":"https:\/\/ventspils.citro.lv\/ru\/wp-json\/wp\/v2\/media?parent=34509"}],"wp:term":[{"taxonomy":"product_cat","embeddable":true,"href":"https:\/\/ventspils.citro.lv\/ru\/wp-json\/wp\/v2\/product_cat?post=34509"},{"taxonomy":"product_tag","embeddable":true,"href":"https:\/\/ventspils.citro.lv\/ru\/wp-json\/wp\/v2\/product_tag?post=34509"}],"curies":[{"name":"wp","href":"https:\/\/api.w.org\/{rel}","templated":true}]}}