{"id":343589,"date":"2026-04-10T04:06:59","date_gmt":"2026-04-10T01:06:59","guid":{"rendered":"https:\/\/ventspils.citro.lv\/veikals\/piens-iebiezinats-tautas-varits-397g\/"},"modified":"2026-04-10T04:07:10","modified_gmt":"2026-04-10T01:07:10","slug":"piens-iebiez-tautas-varits-karamelizets-397g","status":"publish","type":"product","link":"https:\/\/ventspils.citro.lv\/ru\/veikals\/piens-iebiez-tautas-varits-karamelizets-397g\/","title":{"rendered":"Piens iebiez.Tautas v\u0101r\u012bts karameliz\u0113ts 397g"},"content":{"rendered":"","protected":false},"excerpt":{"rendered":"<p>5.01 \u20ac\/kg<\/p>\n","protected":false},"featured_media":1242764,"template":"","meta":{"_acf_changed":false,"inline_featured_image":false},"product_cat":[95,166],"product_tag":[],"acf":[],"aioseo_notices":[],"_links":{"self":[{"href":"https:\/\/ventspils.citro.lv\/ru\/wp-json\/wp\/v2\/product\/343589"}],"collection":[{"href":"https:\/\/ventspils.citro.lv\/ru\/wp-json\/wp\/v2\/product"}],"about":[{"href":"https:\/\/ventspils.citro.lv\/ru\/wp-json\/wp\/v2\/types\/product"}],"wp:featuredmedia":[{"embeddable":true,"href":"https:\/\/ventspils.citro.lv\/ru\/wp-json\/wp\/v2\/media\/1242764"}],"wp:attachment":[{"href":"https:\/\/ventspils.citro.lv\/ru\/wp-json\/wp\/v2\/media?parent=343589"}],"wp:term":[{"taxonomy":"product_cat","embeddable":true,"href":"https:\/\/ventspils.citro.lv\/ru\/wp-json\/wp\/v2\/product_cat?post=343589"},{"taxonomy":"product_tag","embeddable":true,"href":"https:\/\/ventspils.citro.lv\/ru\/wp-json\/wp\/v2\/product_tag?post=343589"}],"curies":[{"name":"wp","href":"https:\/\/api.w.org\/{rel}","templated":true}]}}