{"id":34354,"date":"2026-01-15T04:15:37","date_gmt":"2026-01-15T02:15:37","guid":{"rendered":"https:\/\/ventspils.citro.lv\/veikals\/gurki-skabeti-470g\/"},"modified":"2026-03-25T08:24:48","modified_gmt":"2026-03-25T06:24:48","slug":"gurki-skabeti-470g","status":"publish","type":"product","link":"https:\/\/ventspils.citro.lv\/ru\/veikals\/gurki-skabeti-470g\/","title":{"rendered":"Gur\u0137i sk\u0101b\u0113ti 470g"},"content":{"rendered":"","protected":false},"excerpt":{"rendered":"<p>3.60 \u20ac\/kg<\/p>\n","protected":false},"featured_media":1193886,"template":"","meta":{"_acf_changed":false,"inline_featured_image":false},"product_cat":[97,159],"product_tag":[],"acf":[],"aioseo_notices":[],"_links":{"self":[{"href":"https:\/\/ventspils.citro.lv\/ru\/wp-json\/wp\/v2\/product\/34354"}],"collection":[{"href":"https:\/\/ventspils.citro.lv\/ru\/wp-json\/wp\/v2\/product"}],"about":[{"href":"https:\/\/ventspils.citro.lv\/ru\/wp-json\/wp\/v2\/types\/product"}],"wp:featuredmedia":[{"embeddable":true,"href":"https:\/\/ventspils.citro.lv\/ru\/wp-json\/wp\/v2\/media\/1193886"}],"wp:attachment":[{"href":"https:\/\/ventspils.citro.lv\/ru\/wp-json\/wp\/v2\/media?parent=34354"}],"wp:term":[{"taxonomy":"product_cat","embeddable":true,"href":"https:\/\/ventspils.citro.lv\/ru\/wp-json\/wp\/v2\/product_cat?post=34354"},{"taxonomy":"product_tag","embeddable":true,"href":"https:\/\/ventspils.citro.lv\/ru\/wp-json\/wp\/v2\/product_tag?post=34354"}],"curies":[{"name":"wp","href":"https:\/\/api.w.org\/{rel}","templated":true}]}}