{"id":342106,"date":"2026-04-24T08:36:32","date_gmt":"2026-04-24T05:36:32","guid":{"rendered":"https:\/\/ventspils.citro.lv\/veikals\/mineraludens-zakumuiza-dabigs-gazets-0-5l-2\/"},"modified":"2026-04-25T07:12:33","modified_gmt":"2026-04-25T04:12:33","slug":"udens-dzeramais-gazets-zakumuiza-0-5l","status":"publish","type":"product","link":"https:\/\/ventspils.citro.lv\/ru\/veikals\/udens-dzeramais-gazets-zakumuiza-0-5l\/","title":{"rendered":"\u016adens dzeramais g\u0101z\u0113ts Za\u0137umui\u017ea 0.5l"},"content":{"rendered":"","protected":false},"excerpt":{"rendered":"<p>0.84 \u20ac\/l<\/p>\n","protected":false},"featured_media":1252615,"template":"","meta":{"_acf_changed":false,"inline_featured_image":false},"product_cat":[106,186],"product_tag":[],"acf":[],"aioseo_notices":[],"_links":{"self":[{"href":"https:\/\/ventspils.citro.lv\/ru\/wp-json\/wp\/v2\/product\/342106"}],"collection":[{"href":"https:\/\/ventspils.citro.lv\/ru\/wp-json\/wp\/v2\/product"}],"about":[{"href":"https:\/\/ventspils.citro.lv\/ru\/wp-json\/wp\/v2\/types\/product"}],"wp:featuredmedia":[{"embeddable":true,"href":"https:\/\/ventspils.citro.lv\/ru\/wp-json\/wp\/v2\/media\/1252615"}],"wp:attachment":[{"href":"https:\/\/ventspils.citro.lv\/ru\/wp-json\/wp\/v2\/media?parent=342106"}],"wp:term":[{"taxonomy":"product_cat","embeddable":true,"href":"https:\/\/ventspils.citro.lv\/ru\/wp-json\/wp\/v2\/product_cat?post=342106"},{"taxonomy":"product_tag","embeddable":true,"href":"https:\/\/ventspils.citro.lv\/ru\/wp-json\/wp\/v2\/product_tag?post=342106"}],"curies":[{"name":"wp","href":"https:\/\/api.w.org\/{rel}","templated":true}]}}