{"id":34101,"date":"2026-03-31T03:33:15","date_gmt":"2026-03-31T00:33:15","guid":{"rendered":"https:\/\/ventspils.citro.lv\/veikals\/siers-radamer-skelites-135g\/"},"modified":"2026-03-31T03:33:25","modified_gmt":"2026-03-31T00:33:25","slug":"siers-radamer-skelites-135g","status":"publish","type":"product","link":"https:\/\/ventspils.citro.lv\/ru\/veikals\/siers-radamer-skelites-135g\/","title":{"rendered":"Siers Radamer \u0161\u0137\u0113l\u012btes 135g"},"content":{"rendered":"","protected":false},"excerpt":{"rendered":"<p>14.74 \u20ac\/kg<\/p>\n","protected":false},"featured_media":1238146,"template":"","meta":{"_acf_changed":false,"inline_featured_image":false},"product_cat":[95,225],"product_tag":[],"acf":[],"aioseo_notices":[],"_links":{"self":[{"href":"https:\/\/ventspils.citro.lv\/ru\/wp-json\/wp\/v2\/product\/34101"}],"collection":[{"href":"https:\/\/ventspils.citro.lv\/ru\/wp-json\/wp\/v2\/product"}],"about":[{"href":"https:\/\/ventspils.citro.lv\/ru\/wp-json\/wp\/v2\/types\/product"}],"wp:featuredmedia":[{"embeddable":true,"href":"https:\/\/ventspils.citro.lv\/ru\/wp-json\/wp\/v2\/media\/1238146"}],"wp:attachment":[{"href":"https:\/\/ventspils.citro.lv\/ru\/wp-json\/wp\/v2\/media?parent=34101"}],"wp:term":[{"taxonomy":"product_cat","embeddable":true,"href":"https:\/\/ventspils.citro.lv\/ru\/wp-json\/wp\/v2\/product_cat?post=34101"},{"taxonomy":"product_tag","embeddable":true,"href":"https:\/\/ventspils.citro.lv\/ru\/wp-json\/wp\/v2\/product_tag?post=34101"}],"curies":[{"name":"wp","href":"https:\/\/api.w.org\/{rel}","templated":true}]}}