{"id":34093,"date":"2025-11-01T02:30:35","date_gmt":"2025-11-01T00:30:35","guid":{"rendered":"https:\/\/ventspils.citro.lv\/veikals\/salati-pikantie-ar-vistu\/"},"modified":"2026-01-30T14:46:41","modified_gmt":"2026-01-30T12:46:41","slug":"salati-pikantie-ar-vistu","status":"publish","type":"product","link":"https:\/\/ventspils.citro.lv\/ru\/veikals\/salati-pikantie-ar-vistu\/","title":{"rendered":"Sal\u0101ti Pikantie ar vistu"},"content":{"rendered":"<p>Sast\u0101vda\u013cas: majon\u0113ze ( rap\u0161u e\u013c\u013ca, \u016bdens, OLU pulveris, V\u0100JPIENA pulveris, cukurs, modific\u0113ta ciete, s\u0101ls, sk\u0101buma regul\u0113t\u0101ji (eti\u0137sk\u0101be, piensk\u0101be), biezin\u0101t\u0101ji ( modific\u0113ta ciete, gu\u0101ra sve\u0137i, ksant\u0101na sve\u0137i), konservanti (k\u0101lija sorb\u0101ts, n\u0101trija benzo\u0101ts)), formas maizes grauzdi\u0146i (formas maize (KVIE\u0160U milti, \u016bdens, RUDZU milti, cukurs, p\u0101rtikas s\u0101ls, maizes raugs, rap\u0161u e\u013cla), augu e\u013c\u013ca, \u0137iploki, s\u0101ls), \u0137\u012bnas k\u0101posts, k\u016bpin\u0101ts vistas giross (c\u0101\u013ca ga\u013ca 86%, \u016bdens, v\u012bna eti\u0137is, dekstroze s\u0101ls, konservants E250, gar\u0161vielas, gar\u0161as pastiprin\u0101t\u0101js E621, stabiliz\u0113t\u0101ji E 451, E401, E425, E415, sk\u0101bum\u0101 regul\u0113t\u0101js E262, antioksidants E316, gar\u0161vielu ekstrakts), steika m\u0113rce ( \u016bdens, glikoze, tom\u0101tu pasta, \u0101bolu biezenis, cukurs, SOJAS m\u0113rce (SOJAS pupas, KVIE\u0160U milti), rap\u0161u e\u013c\u013ca, biezin\u0101t\u0101ji (modific\u0113ta ciete, ksant\u0101na sve\u0137i), s\u0101ls, \u010dili pipari, paprika, \u0137iploki, s\u012bpoli, sk\u0101buma regul\u0113t\u0101ji (eti\u0137sk\u0101be, citronsk\u0101be), gar\u0161vielas (tostarp SINEPJU un SELERIJU pulveri), konservanti (k\u0101lija sorb\u0101ts, n\u0101trija benzo\u0101ts)). 100 g produkta satur:  ener\u0123\u0113tisk\u0101 v\u0113rt\u012bba 1346KJ\/325kcal,  tauki 27,5g , tostarp pies\u0101tin\u0101t\u0101s tauksk\u0101bes 3,1g, og\u013chidr\u0101ti 14,1g ,tostarp cukurs 4,8g,  \u0161\u0137iedrvielas 1,3g, olbaltumvielas 4,9g, s\u0101ls 1,2g. Uzglab\u0101\u0161anas temperat\u016bra: +2\u2026+6 C. Izlietot l\u012bdz: nor\u0101d\u012bts uz iepakojuma. Ra\u017eot\u0101js: SIA Di\u0101na Bistro, Andreja iela 5, Ventspils.<\/p>\n","protected":false},"excerpt":{"rendered":"<p>10.99 \u20ac\/kg<\/p>\n","protected":false},"featured_media":1150690,"template":"","meta":{"_acf_changed":false,"inline_featured_image":false},"product_cat":[113,212],"product_tag":[],"acf":[],"aioseo_notices":[],"_links":{"self":[{"href":"https:\/\/ventspils.citro.lv\/ru\/wp-json\/wp\/v2\/product\/34093"}],"collection":[{"href":"https:\/\/ventspils.citro.lv\/ru\/wp-json\/wp\/v2\/product"}],"about":[{"href":"https:\/\/ventspils.citro.lv\/ru\/wp-json\/wp\/v2\/types\/product"}],"wp:featuredmedia":[{"embeddable":true,"href":"https:\/\/ventspils.citro.lv\/ru\/wp-json\/wp\/v2\/media\/1150690"}],"wp:attachment":[{"href":"https:\/\/ventspils.citro.lv\/ru\/wp-json\/wp\/v2\/media?parent=34093"}],"wp:term":[{"taxonomy":"product_cat","embeddable":true,"href":"https:\/\/ventspils.citro.lv\/ru\/wp-json\/wp\/v2\/product_cat?post=34093"},{"taxonomy":"product_tag","embeddable":true,"href":"https:\/\/ventspils.citro.lv\/ru\/wp-json\/wp\/v2\/product_tag?post=34093"}],"curies":[{"name":"wp","href":"https:\/\/api.w.org\/{rel}","templated":true}]}}