{"id":34051,"date":"2026-05-10T00:54:33","date_gmt":"2026-05-09T21:54:33","guid":{"rendered":"https:\/\/ventspils.citro.lv\/veikals\/banani-kostarika-2-sk\/"},"modified":"2026-05-11T12:48:53","modified_gmt":"2026-05-11T09:48:53","slug":"banani-cavendish-2-sk-kg-ekvadora","status":"publish","type":"product","link":"https:\/\/ventspils.citro.lv\/ru\/veikals\/banani-cavendish-2-sk-kg-ekvadora\/","title":{"rendered":"Ban\u0101ni Cavendish 2.\u0161\u0137. kg Ekvadora"},"content":{"rendered":"","protected":false},"excerpt":{"rendered":"<p>0.99 \u20ac\/kg<\/p>\n","protected":false},"featured_media":1258264,"template":"","meta":{"_acf_changed":false,"inline_featured_image":false},"product_cat":[97,98],"product_tag":[],"acf":[],"aioseo_notices":[],"_links":{"self":[{"href":"https:\/\/ventspils.citro.lv\/ru\/wp-json\/wp\/v2\/product\/34051"}],"collection":[{"href":"https:\/\/ventspils.citro.lv\/ru\/wp-json\/wp\/v2\/product"}],"about":[{"href":"https:\/\/ventspils.citro.lv\/ru\/wp-json\/wp\/v2\/types\/product"}],"wp:featuredmedia":[{"embeddable":true,"href":"https:\/\/ventspils.citro.lv\/ru\/wp-json\/wp\/v2\/media\/1258264"}],"wp:attachment":[{"href":"https:\/\/ventspils.citro.lv\/ru\/wp-json\/wp\/v2\/media?parent=34051"}],"wp:term":[{"taxonomy":"product_cat","embeddable":true,"href":"https:\/\/ventspils.citro.lv\/ru\/wp-json\/wp\/v2\/product_cat?post=34051"},{"taxonomy":"product_tag","embeddable":true,"href":"https:\/\/ventspils.citro.lv\/ru\/wp-json\/wp\/v2\/product_tag?post=34051"}],"curies":[{"name":"wp","href":"https:\/\/api.w.org\/{rel}","templated":true}]}}