{"id":34048,"date":"2026-01-06T02:54:26","date_gmt":"2026-01-06T00:54:26","guid":{"rendered":"https:\/\/ventspils.citro.lv\/veikals\/siera-salati-ipasie\/"},"modified":"2026-02-25T16:18:57","modified_gmt":"2026-02-25T14:18:57","slug":"salati-siera-ipasie-citro-sv","status":"publish","type":"product","link":"https:\/\/ventspils.citro.lv\/ru\/veikals\/salati-siera-ipasie-citro-sv\/","title":{"rendered":"Sal\u0101ti Siera \u012bpa\u0161ie Citro sv."},"content":{"rendered":"<p>Sast\u0101vda\u013cas: SIERS 40% (pasteriz\u0113ts PIENS, augu tauki (palmu) 24%, p\u0101rtikas s\u0101ls, konservants E252, siera ieraugs, renins, p\u0101rtikas kr\u0101sviela-beta karot\u012bns), burk\u0101ni, majon\u0113ze (rap\u0161u e\u013c\u013ca, \u016bdens, OLU pulveris, V\u0100JPIENA pulveris, cukurs, s\u0101ls,  sk\u0101buma regul\u0113t\u0101ji (eti\u0137sk\u0101be, citronsk\u0101be), konservants (k\u0101lija sorb\u0101ts), biezin\u0101t\u0101ji (modific\u0113ta ciete, gu\u0101ra sve\u0137i, ksant\u0101na sve\u0137i), OLAS, \u0137iploki, p\u0101rtikas s\u0101ls, melnie pipari.100 g produkta satur:  ener\u0123\u0113tisk\u0101 v\u0113rt\u012bba 1493 KJ\/361 kcal,  tauki 34g , tostarp pies\u0101tin\u0101t\u0101s tauksk\u0101bes 9g, og\u013chidr\u0101ti 3g ,tostarp cukurs 1,7g, olbaltumvielas 12g, s\u0101ls 1.1g. Uzglab\u0101\u0161anas temperat\u016bra: +2..+6 C. Izlietot l\u012bdz: nor\u0101d\u012bts uz iepakojuma. Ra\u017eot\u0101js: SIA Di\u0101na Bistro, Andreja iela 5, Ventspils.<\/p>\n","protected":false},"excerpt":{"rendered":"<p>9.89 \u20ac\/kg<\/p>\n","protected":false},"featured_media":1189561,"template":"","meta":{"_acf_changed":false,"inline_featured_image":false},"product_cat":[113,212],"product_tag":[],"acf":[],"aioseo_notices":[],"_links":{"self":[{"href":"https:\/\/ventspils.citro.lv\/ru\/wp-json\/wp\/v2\/product\/34048"}],"collection":[{"href":"https:\/\/ventspils.citro.lv\/ru\/wp-json\/wp\/v2\/product"}],"about":[{"href":"https:\/\/ventspils.citro.lv\/ru\/wp-json\/wp\/v2\/types\/product"}],"wp:featuredmedia":[{"embeddable":true,"href":"https:\/\/ventspils.citro.lv\/ru\/wp-json\/wp\/v2\/media\/1189561"}],"wp:attachment":[{"href":"https:\/\/ventspils.citro.lv\/ru\/wp-json\/wp\/v2\/media?parent=34048"}],"wp:term":[{"taxonomy":"product_cat","embeddable":true,"href":"https:\/\/ventspils.citro.lv\/ru\/wp-json\/wp\/v2\/product_cat?post=34048"},{"taxonomy":"product_tag","embeddable":true,"href":"https:\/\/ventspils.citro.lv\/ru\/wp-json\/wp\/v2\/product_tag?post=34048"}],"curies":[{"name":"wp","href":"https:\/\/api.w.org\/{rel}","templated":true}]}}