{"id":34028,"date":"2026-05-02T00:55:51","date_gmt":"2026-05-01T21:55:51","guid":{"rendered":"https:\/\/ventspils.citro.lv\/veikals\/burkani-latvija-2sk\/"},"modified":"2026-05-02T00:56:05","modified_gmt":"2026-05-01T21:56:05","slug":"burkani-2sk-polija","status":"publish","type":"product","link":"https:\/\/ventspils.citro.lv\/ru\/veikals\/burkani-2sk-polija\/","title":{"rendered":"Burk\u0101ni  2\u0161\u0137 Polija"},"content":{"rendered":"","protected":false},"excerpt":{"rendered":"<p>0.89 \u20ac\/kg<\/p>\n","protected":false},"featured_media":1255479,"template":"","meta":{"_acf_changed":false,"inline_featured_image":false},"product_cat":[97,99],"product_tag":[],"acf":[],"aioseo_notices":[],"_links":{"self":[{"href":"https:\/\/ventspils.citro.lv\/ru\/wp-json\/wp\/v2\/product\/34028"}],"collection":[{"href":"https:\/\/ventspils.citro.lv\/ru\/wp-json\/wp\/v2\/product"}],"about":[{"href":"https:\/\/ventspils.citro.lv\/ru\/wp-json\/wp\/v2\/types\/product"}],"wp:featuredmedia":[{"embeddable":true,"href":"https:\/\/ventspils.citro.lv\/ru\/wp-json\/wp\/v2\/media\/1255479"}],"wp:attachment":[{"href":"https:\/\/ventspils.citro.lv\/ru\/wp-json\/wp\/v2\/media?parent=34028"}],"wp:term":[{"taxonomy":"product_cat","embeddable":true,"href":"https:\/\/ventspils.citro.lv\/ru\/wp-json\/wp\/v2\/product_cat?post=34028"},{"taxonomy":"product_tag","embeddable":true,"href":"https:\/\/ventspils.citro.lv\/ru\/wp-json\/wp\/v2\/product_tag?post=34028"}],"curies":[{"name":"wp","href":"https:\/\/api.w.org\/{rel}","templated":true}]}}