{"id":34014,"date":"2026-02-14T01:30:57","date_gmt":"2026-02-13T23:30:57","guid":{"rendered":"https:\/\/ventspils.citro.lv\/veikals\/kaposti-jaunie-latvija-2sk\/"},"modified":"2026-02-18T12:45:15","modified_gmt":"2026-02-18T10:45:15","slug":"kaposti-latvija-2sk","status":"publish","type":"product","link":"https:\/\/ventspils.citro.lv\/ru\/veikals\/kaposti-latvija-2sk\/","title":{"rendered":"K\u0101posti Latvija 2\u0161\u0137"},"content":{"rendered":"<p>Fas\u0113ts AS Di\u0101na.Uzglab\u0101sanas tempr. no +6-+25.<\/p>\n","protected":false},"excerpt":{"rendered":"<p>0.79 \u20ac\/kg<\/p>\n","protected":false},"featured_media":1209574,"template":"","meta":{"_acf_changed":false,"inline_featured_image":false},"product_cat":[97,99],"product_tag":[],"acf":[],"aioseo_notices":[],"_links":{"self":[{"href":"https:\/\/ventspils.citro.lv\/ru\/wp-json\/wp\/v2\/product\/34014"}],"collection":[{"href":"https:\/\/ventspils.citro.lv\/ru\/wp-json\/wp\/v2\/product"}],"about":[{"href":"https:\/\/ventspils.citro.lv\/ru\/wp-json\/wp\/v2\/types\/product"}],"wp:featuredmedia":[{"embeddable":true,"href":"https:\/\/ventspils.citro.lv\/ru\/wp-json\/wp\/v2\/media\/1209574"}],"wp:attachment":[{"href":"https:\/\/ventspils.citro.lv\/ru\/wp-json\/wp\/v2\/media?parent=34014"}],"wp:term":[{"taxonomy":"product_cat","embeddable":true,"href":"https:\/\/ventspils.citro.lv\/ru\/wp-json\/wp\/v2\/product_cat?post=34014"},{"taxonomy":"product_tag","embeddable":true,"href":"https:\/\/ventspils.citro.lv\/ru\/wp-json\/wp\/v2\/product_tag?post=34014"}],"curies":[{"name":"wp","href":"https:\/\/api.w.org\/{rel}","templated":true}]}}