{"id":34009,"date":"2026-03-15T00:48:25","date_gmt":"2026-03-14T22:48:25","guid":{"rendered":"https:\/\/ventspils.citro.lv\/veikals\/salati-pikantie-maizes\/"},"modified":"2026-03-15T00:48:30","modified_gmt":"2026-03-14T22:48:30","slug":"salati-pikantie-maizes","status":"publish","type":"product","link":"https:\/\/ventspils.citro.lv\/ru\/veikals\/salati-pikantie-maizes\/","title":{"rendered":"Sal\u0101ti Pikantie maizes"},"content":{"rendered":"<p>Sast\u0101vda\u013cas: formas maizes grauzdi\u0146i  (KVIE\u0160U milti, \u016bdens, RUDZU milti, \u0137iploki, cukurs, p\u0101rtikas s\u0101ls, maizes raugs, rap\u0161u e\u013cla), siera izstr\u0101d\u0101jums (pasteriz\u0113ts PIENS, konservants E252, siera ieraugs, renins), kukur\u016bza konserv\u0113ta, augu e\u013c\u013ca, p\u0101rtikas s\u0101ls. 100 g  produkta satur:  ener\u0123\u0113tisk\u0101 v\u0113rt\u012bba 1287KJ\/309kcal,  tauki 21,2g , tostarp pies\u0101tin\u0101t\u0101s tauksk\u0101bes 5,0g, og\u013chidr\u0101ti 19g ,tostarp cukurs 0,8g,  \u0161\u0137iedrvielas 2,7g, olbaltumvielas 10,6g, s\u0101ls 1,6g. Uzglab\u0101\u0161anas temperat\u016bra: +2\u2026+6 C. Izlietot l\u012bdz: nor\u0101d\u012bts uz iepakojuma. Ra\u017eot\u0101js: SIA Di\u0101na Bistro, Andreja iela 5, Ventspils.<\/p>\n","protected":false},"excerpt":{"rendered":"<p>8.59 \u20ac\/kg<\/p>\n","protected":false},"featured_media":1225989,"template":"","meta":{"_acf_changed":false,"inline_featured_image":false},"product_cat":[113,212],"product_tag":[],"acf":[],"aioseo_notices":[],"_links":{"self":[{"href":"https:\/\/ventspils.citro.lv\/ru\/wp-json\/wp\/v2\/product\/34009"}],"collection":[{"href":"https:\/\/ventspils.citro.lv\/ru\/wp-json\/wp\/v2\/product"}],"about":[{"href":"https:\/\/ventspils.citro.lv\/ru\/wp-json\/wp\/v2\/types\/product"}],"wp:featuredmedia":[{"embeddable":true,"href":"https:\/\/ventspils.citro.lv\/ru\/wp-json\/wp\/v2\/media\/1225989"}],"wp:attachment":[{"href":"https:\/\/ventspils.citro.lv\/ru\/wp-json\/wp\/v2\/media?parent=34009"}],"wp:term":[{"taxonomy":"product_cat","embeddable":true,"href":"https:\/\/ventspils.citro.lv\/ru\/wp-json\/wp\/v2\/product_cat?post=34009"},{"taxonomy":"product_tag","embeddable":true,"href":"https:\/\/ventspils.citro.lv\/ru\/wp-json\/wp\/v2\/product_tag?post=34009"}],"curies":[{"name":"wp","href":"https:\/\/api.w.org\/{rel}","templated":true}]}}