{"id":34008,"date":"2026-04-09T02:09:38","date_gmt":"2026-04-08T23:09:38","guid":{"rendered":"https:\/\/ventspils.citro.lv\/veikals\/ingvera-sakne-kina-2-sk\/"},"modified":"2026-04-09T02:09:50","modified_gmt":"2026-04-08T23:09:50","slug":"ingvera-sakne-2sk-kina","status":"publish","type":"product","link":"https:\/\/ventspils.citro.lv\/ru\/veikals\/ingvera-sakne-2sk-kina\/","title":{"rendered":"Ingvera sakne 2\u0161\u0137.\u0136\u012bna"},"content":{"rendered":"<p>Fas\u0113ts AS Di\u0101na. Uzglab\u0101t t pie +6 l\u012bdz +10 C<\/p>\n","protected":false},"excerpt":{"rendered":"<p>4.79 \u20ac\/kg<\/p>\n","protected":false},"featured_media":1241659,"template":"","meta":{"_acf_changed":false,"inline_featured_image":false},"product_cat":[97,99],"product_tag":[],"acf":[],"aioseo_notices":[],"_links":{"self":[{"href":"https:\/\/ventspils.citro.lv\/ru\/wp-json\/wp\/v2\/product\/34008"}],"collection":[{"href":"https:\/\/ventspils.citro.lv\/ru\/wp-json\/wp\/v2\/product"}],"about":[{"href":"https:\/\/ventspils.citro.lv\/ru\/wp-json\/wp\/v2\/types\/product"}],"wp:featuredmedia":[{"embeddable":true,"href":"https:\/\/ventspils.citro.lv\/ru\/wp-json\/wp\/v2\/media\/1241659"}],"wp:attachment":[{"href":"https:\/\/ventspils.citro.lv\/ru\/wp-json\/wp\/v2\/media?parent=34008"}],"wp:term":[{"taxonomy":"product_cat","embeddable":true,"href":"https:\/\/ventspils.citro.lv\/ru\/wp-json\/wp\/v2\/product_cat?post=34008"},{"taxonomy":"product_tag","embeddable":true,"href":"https:\/\/ventspils.citro.lv\/ru\/wp-json\/wp\/v2\/product_tag?post=34008"}],"curies":[{"name":"wp","href":"https:\/\/api.w.org\/{rel}","templated":true}]}}