{"id":34006,"date":"2026-03-27T04:30:28","date_gmt":"2026-03-27T02:30:28","guid":{"rendered":"https:\/\/ventspils.citro.lv\/veikals\/salati-galvaspilsetas\/"},"modified":"2026-03-27T04:30:38","modified_gmt":"2026-03-27T02:30:38","slug":"salati-galvaspilsetas","status":"publish","type":"product","link":"https:\/\/ventspils.citro.lv\/ru\/veikals\/salati-galvaspilsetas\/","title":{"rendered":"Sal\u0101ti Galvaspils\u0113tas"},"content":{"rendered":"<p>Sast\u0101vda\u013cas: majon\u0113ze (rap\u0161u e\u013c\u013ca, \u016bdens, OLU pulveris , V\u0100JPIENA pulveris, cukurs, modific\u0113ta ciete, s\u0101ls, sk\u0101buma regul\u0113t\u0101ji (eti\u0137sk\u0101be, piensk\u0101be), biezin\u0101t\u0101ji (gu\u0101ra sve\u0137i, ksant\u0101na sve\u0137i), konservanti (k\u0101lija sorb\u0101ts, n\u0101trija benzo\u0101ts), aromatiz\u0113t\u0101js, kr\u0101sviela (beta karot\u012bns)), kartupe\u013ci,  vistas giross k\u016bpin\u0101ts 15% (c\u0101\u013ca ga\u013ca, v\u012bna eti\u0137is, dekstroze, s\u0101ls (konservants E250), gar\u0161vielas, gar\u0161as pastiprin\u0101t\u0101js E621, sabiliz\u0113t\u0101ji E451;E407,E425, E415, modific\u0113ta ciete, sk\u0101buma regul\u0113t\u0101js E262, antioksidants E316, gar\u0161vielu ekstrakts), burk\u0101ni, marin\u0113ti gur\u0137i (gur\u0137i, v\u012bna eti\u0137is, s\u0101ls, SINEPJU s\u0113klas, konservants: E211, dab\u012bgs aromatiz\u0113t\u0101js, saldin\u0101t\u0101js: E954), gur\u0137is, konserv\u0113ti zirn\u012b\u0161i (za\u013cie zirn\u012b\u0161i (70%), \u016bdens, s\u0101ls, cukurs),  s\u0101ls. 100g produkta satur:  ener\u0123\u0113tisk\u0101 v\u0113rt\u012bba 648 KJ\/157 kcal, tauki 12g, tostarp pies\u0101tin\u0101t\u0101s tauksk\u0101bes 1,2g, og\u013chidr\u0101ti 6,3g , tostarp cukurs 1,9g \u0161\u0137iedrvielas 1,3g, olbaltumvielas 3,9g, s\u0101ls 0,8g. Uzglab\u0101\u0161anas temperat\u016bra: +2\u2026+6 C. Izlietot l\u012bdz: nor\u0101d\u012bts uz iepakojuma. Ra\u017eot\u0101js: SIA Di\u0101na Bistro, Andreja iela 5, Ventspils.<\/p>\n","protected":false},"excerpt":{"rendered":"<p>8.39 \u20ac\/kg<\/p>\n","protected":false},"featured_media":1235173,"template":"","meta":{"_acf_changed":false,"inline_featured_image":false},"product_cat":[113,212],"product_tag":[],"acf":[],"aioseo_notices":[],"_links":{"self":[{"href":"https:\/\/ventspils.citro.lv\/ru\/wp-json\/wp\/v2\/product\/34006"}],"collection":[{"href":"https:\/\/ventspils.citro.lv\/ru\/wp-json\/wp\/v2\/product"}],"about":[{"href":"https:\/\/ventspils.citro.lv\/ru\/wp-json\/wp\/v2\/types\/product"}],"wp:featuredmedia":[{"embeddable":true,"href":"https:\/\/ventspils.citro.lv\/ru\/wp-json\/wp\/v2\/media\/1235173"}],"wp:attachment":[{"href":"https:\/\/ventspils.citro.lv\/ru\/wp-json\/wp\/v2\/media?parent=34006"}],"wp:term":[{"taxonomy":"product_cat","embeddable":true,"href":"https:\/\/ventspils.citro.lv\/ru\/wp-json\/wp\/v2\/product_cat?post=34006"},{"taxonomy":"product_tag","embeddable":true,"href":"https:\/\/ventspils.citro.lv\/ru\/wp-json\/wp\/v2\/product_tag?post=34006"}],"curies":[{"name":"wp","href":"https:\/\/api.w.org\/{rel}","templated":true}]}}