{"id":34004,"date":"2026-04-17T01:00:55","date_gmt":"2026-04-16T22:00:55","guid":{"rendered":"https:\/\/ventspils.citro.lv\/veikals\/apelsini-videjie-valencia-2-sk-egipte\/"},"modified":"2026-04-17T13:42:39","modified_gmt":"2026-04-17T10:42:39","slug":"apelsini-videjie-nave-2-sk-spanija","status":"publish","type":"product","link":"https:\/\/ventspils.citro.lv\/ru\/veikals\/apelsini-videjie-nave-2-sk-spanija\/","title":{"rendered":"Apels\u012bni vid\u0113jie Nave 2.\u0161\u0137.Sp\u0101nija"},"content":{"rendered":"","protected":false},"excerpt":{"rendered":"<p>1.99 \u20ac\/kg<\/p>\n","protected":false},"featured_media":1246669,"template":"","meta":{"_acf_changed":false,"inline_featured_image":false},"product_cat":[97,98],"product_tag":[],"acf":[],"aioseo_notices":[],"_links":{"self":[{"href":"https:\/\/ventspils.citro.lv\/ru\/wp-json\/wp\/v2\/product\/34004"}],"collection":[{"href":"https:\/\/ventspils.citro.lv\/ru\/wp-json\/wp\/v2\/product"}],"about":[{"href":"https:\/\/ventspils.citro.lv\/ru\/wp-json\/wp\/v2\/types\/product"}],"wp:featuredmedia":[{"embeddable":true,"href":"https:\/\/ventspils.citro.lv\/ru\/wp-json\/wp\/v2\/media\/1246669"}],"wp:attachment":[{"href":"https:\/\/ventspils.citro.lv\/ru\/wp-json\/wp\/v2\/media?parent=34004"}],"wp:term":[{"taxonomy":"product_cat","embeddable":true,"href":"https:\/\/ventspils.citro.lv\/ru\/wp-json\/wp\/v2\/product_cat?post=34004"},{"taxonomy":"product_tag","embeddable":true,"href":"https:\/\/ventspils.citro.lv\/ru\/wp-json\/wp\/v2\/product_tag?post=34004"}],"curies":[{"name":"wp","href":"https:\/\/api.w.org\/{rel}","templated":true}]}}