{"id":34003,"date":"2026-05-06T01:24:34","date_gmt":"2026-05-05T22:24:34","guid":{"rendered":"https:\/\/ventspils.citro.lv\/veikals\/tomati-sarkanie-kekaros-niderlande-2-sk\/"},"modified":"2026-05-06T01:24:47","modified_gmt":"2026-05-05T22:24:47","slug":"tomati-sarkanie-kekaros-2-sk-niderlande","status":"publish","type":"product","link":"https:\/\/ventspils.citro.lv\/ru\/veikals\/tomati-sarkanie-kekaros-2-sk-niderlande\/","title":{"rendered":"Tom\u0101ti sarkanie \u0137ekaros 2.\u0161\u0137 N\u012bderlande"},"content":{"rendered":"","protected":false},"excerpt":{"rendered":"<p>2.75 \u20ac\/kg<\/p>\n","protected":false},"featured_media":1256015,"template":"","meta":{"_acf_changed":false,"inline_featured_image":false},"product_cat":[97,99],"product_tag":[],"acf":[],"aioseo_notices":[],"_links":{"self":[{"href":"https:\/\/ventspils.citro.lv\/ru\/wp-json\/wp\/v2\/product\/34003"}],"collection":[{"href":"https:\/\/ventspils.citro.lv\/ru\/wp-json\/wp\/v2\/product"}],"about":[{"href":"https:\/\/ventspils.citro.lv\/ru\/wp-json\/wp\/v2\/types\/product"}],"wp:featuredmedia":[{"embeddable":true,"href":"https:\/\/ventspils.citro.lv\/ru\/wp-json\/wp\/v2\/media\/1256015"}],"wp:attachment":[{"href":"https:\/\/ventspils.citro.lv\/ru\/wp-json\/wp\/v2\/media?parent=34003"}],"wp:term":[{"taxonomy":"product_cat","embeddable":true,"href":"https:\/\/ventspils.citro.lv\/ru\/wp-json\/wp\/v2\/product_cat?post=34003"},{"taxonomy":"product_tag","embeddable":true,"href":"https:\/\/ventspils.citro.lv\/ru\/wp-json\/wp\/v2\/product_tag?post=34003"}],"curies":[{"name":"wp","href":"https:\/\/api.w.org\/{rel}","templated":true}]}}