{"id":33999,"date":"2026-03-26T04:33:02","date_gmt":"2026-03-26T02:33:02","guid":{"rendered":"https:\/\/ventspils.citro.lv\/veikals\/granataboli-2sk-peru\/"},"modified":"2026-03-26T04:33:07","modified_gmt":"2026-03-26T02:33:07","slug":"granataboli-2skturcija","status":"publish","type":"product","link":"https:\/\/ventspils.citro.lv\/ru\/veikals\/granataboli-2skturcija\/","title":{"rendered":"Gran\u0101t\u0101boli  2\u0161\u0137Turcija"},"content":{"rendered":"","protected":false},"excerpt":{"rendered":"<p>5.29 \u20ac\/kg<\/p>\n","protected":false},"featured_media":1232998,"template":"","meta":{"_acf_changed":false,"inline_featured_image":false},"product_cat":[97,98],"product_tag":[],"acf":[],"aioseo_notices":[],"_links":{"self":[{"href":"https:\/\/ventspils.citro.lv\/ru\/wp-json\/wp\/v2\/product\/33999"}],"collection":[{"href":"https:\/\/ventspils.citro.lv\/ru\/wp-json\/wp\/v2\/product"}],"about":[{"href":"https:\/\/ventspils.citro.lv\/ru\/wp-json\/wp\/v2\/types\/product"}],"wp:featuredmedia":[{"embeddable":true,"href":"https:\/\/ventspils.citro.lv\/ru\/wp-json\/wp\/v2\/media\/1232998"}],"wp:attachment":[{"href":"https:\/\/ventspils.citro.lv\/ru\/wp-json\/wp\/v2\/media?parent=33999"}],"wp:term":[{"taxonomy":"product_cat","embeddable":true,"href":"https:\/\/ventspils.citro.lv\/ru\/wp-json\/wp\/v2\/product_cat?post=33999"},{"taxonomy":"product_tag","embeddable":true,"href":"https:\/\/ventspils.citro.lv\/ru\/wp-json\/wp\/v2\/product_tag?post=33999"}],"curies":[{"name":"wp","href":"https:\/\/api.w.org\/{rel}","templated":true}]}}