{"id":33998,"date":"2026-05-05T00:45:20","date_gmt":"2026-05-04T21:45:20","guid":{"rendered":"https:\/\/ventspils.citro.lv\/veikals\/salati-dzelme\/"},"modified":"2026-05-05T00:45:26","modified_gmt":"2026-05-04T21:45:26","slug":"salati-dzelme","status":"publish","type":"product","link":"https:\/\/ventspils.citro.lv\/ru\/veikals\/salati-dzelme\/","title":{"rendered":"Sal\u0101ti Dzelme"},"content":{"rendered":"<p>Sast\u0101vda\u013cas: siera izstr\u0101d\u0101jums (pasteriz\u0113ts PIENS, augu tauki (palmu)24%, p\u0101rtikas s\u0101ls, konservants E252, siera ieraugs, renins, p\u0101rtikas kr\u0101sviela-beta karot\u012bns), majon\u0113ze (rap\u0161u e\u013c\u013ca, \u016bdens, OLU pulveris, V\u0100JPIENA pulveris, cukurs, modific\u0113ta ciete, s\u0101ls, sk\u0101buma regul\u0113t\u0101ji (eti\u0137sk\u0101be, piensk\u0101be), biezin\u0101t\u0101ji ( modific\u0113ta ciete, gu\u0101ra sve\u0137i, ksant\u0101na sve\u0137i), konservanti (k\u0101lija sorb\u0101ts, n\u0101trija benzo\u0101ts)), krabju n\u016bji\u0146as (\u016bdens, surimi 22% (ZIVJU ga\u013ca, stabiliz\u0113t\u0101js:sorb\u012bts, difosf\u0101ti, trifosf\u0101ti, polifosf\u0101ti, cukurs), CIETE, augu e\u013c\u013ca, OLAS baltums, SOJAS olbaltumvielas, cukurs, s\u0101ls, gar\u0161as pastiprin\u0101t\u0101ji: E621, E627,E631, kr\u0101svielas: E120, E160c, aromatiz\u0113t\u0101js), tom\u0101ti, p\u0101rtikas s\u0101ls. 100 g produkta satur:  ener\u0123\u0113tisk\u0101 v\u0113rt\u012bba 1113KJ\/268kcal,  tauki 22g, tostarp pies\u0101tin\u0101t\u0101s tauksk\u0101bes 5,5g, og\u013chidr\u0101ti 6,7g, tostarp cukurs 1,3g, olbaltumvielas 10,5g, s\u0101ls 1,7g. Uzglab.temp.: +2\u2026+6 C. Izlietot l\u012bdz: nor\u0101d\u012bts uz iepakojuma. Ra\u017eot\u0101js: SIA Di\u0101na Bistro, Andreja iela 5.<\/p>\n","protected":false},"excerpt":{"rendered":"<p>9.89 \u20ac\/kg<\/p>\n","protected":false},"featured_media":1255879,"template":"","meta":{"_acf_changed":false,"inline_featured_image":false},"product_cat":[113,212],"product_tag":[],"acf":[],"aioseo_notices":[],"_links":{"self":[{"href":"https:\/\/ventspils.citro.lv\/ru\/wp-json\/wp\/v2\/product\/33998"}],"collection":[{"href":"https:\/\/ventspils.citro.lv\/ru\/wp-json\/wp\/v2\/product"}],"about":[{"href":"https:\/\/ventspils.citro.lv\/ru\/wp-json\/wp\/v2\/types\/product"}],"wp:featuredmedia":[{"embeddable":true,"href":"https:\/\/ventspils.citro.lv\/ru\/wp-json\/wp\/v2\/media\/1255879"}],"wp:attachment":[{"href":"https:\/\/ventspils.citro.lv\/ru\/wp-json\/wp\/v2\/media?parent=33998"}],"wp:term":[{"taxonomy":"product_cat","embeddable":true,"href":"https:\/\/ventspils.citro.lv\/ru\/wp-json\/wp\/v2\/product_cat?post=33998"},{"taxonomy":"product_tag","embeddable":true,"href":"https:\/\/ventspils.citro.lv\/ru\/wp-json\/wp\/v2\/product_tag?post=33998"}],"curies":[{"name":"wp","href":"https:\/\/api.w.org\/{rel}","templated":true}]}}