{"id":33995,"date":"2026-04-24T04:18:02","date_gmt":"2026-04-24T01:18:02","guid":{"rendered":"https:\/\/ventspils.citro.lv\/veikals\/paprika-sarkana-niderlande-2sk\/"},"modified":"2026-04-26T12:52:47","modified_gmt":"2026-04-26T09:52:47","slug":"paprika-sarkana-2-sk-spanija","status":"publish","type":"product","link":"https:\/\/ventspils.citro.lv\/ru\/veikals\/paprika-sarkana-2-sk-spanija\/","title":{"rendered":"Paprika sarkana 2.\u0161\u0137. Sp\u0101nija"},"content":{"rendered":"","protected":false},"excerpt":{"rendered":"<p>5.39 \u20ac\/kg<\/p>\n","protected":false},"featured_media":1251485,"template":"","meta":{"_acf_changed":false,"inline_featured_image":false},"product_cat":[97,99],"product_tag":[],"acf":[],"aioseo_notices":[],"_links":{"self":[{"href":"https:\/\/ventspils.citro.lv\/ru\/wp-json\/wp\/v2\/product\/33995"}],"collection":[{"href":"https:\/\/ventspils.citro.lv\/ru\/wp-json\/wp\/v2\/product"}],"about":[{"href":"https:\/\/ventspils.citro.lv\/ru\/wp-json\/wp\/v2\/types\/product"}],"wp:featuredmedia":[{"embeddable":true,"href":"https:\/\/ventspils.citro.lv\/ru\/wp-json\/wp\/v2\/media\/1251485"}],"wp:attachment":[{"href":"https:\/\/ventspils.citro.lv\/ru\/wp-json\/wp\/v2\/media?parent=33995"}],"wp:term":[{"taxonomy":"product_cat","embeddable":true,"href":"https:\/\/ventspils.citro.lv\/ru\/wp-json\/wp\/v2\/product_cat?post=33995"},{"taxonomy":"product_tag","embeddable":true,"href":"https:\/\/ventspils.citro.lv\/ru\/wp-json\/wp\/v2\/product_tag?post=33995"}],"curies":[{"name":"wp","href":"https:\/\/api.w.org\/{rel}","templated":true}]}}