{"id":33994,"date":"2026-05-07T01:57:03","date_gmt":"2026-05-06T22:57:03","guid":{"rendered":"https:\/\/ventspils.citro.lv\/veikals\/citroni-laims-brazilija-2sk\/"},"modified":"2026-05-07T01:57:13","modified_gmt":"2026-05-06T22:57:13","slug":"citroni-laims-2sk-brazilija","status":"publish","type":"product","link":"https:\/\/ventspils.citro.lv\/ru\/veikals\/citroni-laims-2sk-brazilija\/","title":{"rendered":"Citroni-laims  2\u0161\u0137.Braz\u012blija"},"content":{"rendered":"","protected":false},"excerpt":{"rendered":"<p>3.59 \u20ac\/kg<\/p>\n","protected":false},"featured_media":1256531,"template":"","meta":{"_acf_changed":false,"inline_featured_image":false},"product_cat":[97,98],"product_tag":[],"acf":[],"aioseo_notices":[],"_links":{"self":[{"href":"https:\/\/ventspils.citro.lv\/ru\/wp-json\/wp\/v2\/product\/33994"}],"collection":[{"href":"https:\/\/ventspils.citro.lv\/ru\/wp-json\/wp\/v2\/product"}],"about":[{"href":"https:\/\/ventspils.citro.lv\/ru\/wp-json\/wp\/v2\/types\/product"}],"wp:featuredmedia":[{"embeddable":true,"href":"https:\/\/ventspils.citro.lv\/ru\/wp-json\/wp\/v2\/media\/1256531"}],"wp:attachment":[{"href":"https:\/\/ventspils.citro.lv\/ru\/wp-json\/wp\/v2\/media?parent=33994"}],"wp:term":[{"taxonomy":"product_cat","embeddable":true,"href":"https:\/\/ventspils.citro.lv\/ru\/wp-json\/wp\/v2\/product_cat?post=33994"},{"taxonomy":"product_tag","embeddable":true,"href":"https:\/\/ventspils.citro.lv\/ru\/wp-json\/wp\/v2\/product_tag?post=33994"}],"curies":[{"name":"wp","href":"https:\/\/api.w.org\/{rel}","templated":true}]}}