{"id":33993,"date":"2026-04-23T04:24:50","date_gmt":"2026-04-23T01:24:50","guid":{"rendered":"https:\/\/ventspils.citro.lv\/veikals\/kivi-hayward-griekija-2sk\/"},"modified":"2026-04-23T04:24:54","modified_gmt":"2026-04-23T01:24:54","slug":"kivi-zalie-2sk-griekija","status":"publish","type":"product","link":"https:\/\/ventspils.citro.lv\/ru\/veikals\/kivi-zalie-2sk-griekija\/","title":{"rendered":"Kivi  za\u013cie 2\u0161\u0137.Grie\u0137ija"},"content":{"rendered":"","protected":false},"excerpt":{"rendered":"<p>3.99 \u20ac\/kg<\/p>\n","protected":false},"featured_media":1249295,"template":"","meta":{"_acf_changed":false,"inline_featured_image":false},"product_cat":[97,98],"product_tag":[],"acf":[],"aioseo_notices":[],"_links":{"self":[{"href":"https:\/\/ventspils.citro.lv\/ru\/wp-json\/wp\/v2\/product\/33993"}],"collection":[{"href":"https:\/\/ventspils.citro.lv\/ru\/wp-json\/wp\/v2\/product"}],"about":[{"href":"https:\/\/ventspils.citro.lv\/ru\/wp-json\/wp\/v2\/types\/product"}],"wp:featuredmedia":[{"embeddable":true,"href":"https:\/\/ventspils.citro.lv\/ru\/wp-json\/wp\/v2\/media\/1249295"}],"wp:attachment":[{"href":"https:\/\/ventspils.citro.lv\/ru\/wp-json\/wp\/v2\/media?parent=33993"}],"wp:term":[{"taxonomy":"product_cat","embeddable":true,"href":"https:\/\/ventspils.citro.lv\/ru\/wp-json\/wp\/v2\/product_cat?post=33993"},{"taxonomy":"product_tag","embeddable":true,"href":"https:\/\/ventspils.citro.lv\/ru\/wp-json\/wp\/v2\/product_tag?post=33993"}],"curies":[{"name":"wp","href":"https:\/\/api.w.org\/{rel}","templated":true}]}}