{"id":33989,"date":"2026-03-12T02:34:55","date_gmt":"2026-03-12T00:34:55","guid":{"rendered":"https:\/\/ventspils.citro.lv\/veikals\/mandarini-ortanigue-griekija-1-sk\/"},"modified":"2026-03-12T02:35:06","modified_gmt":"2026-03-12T00:35:06","slug":"mandarini-ortanique-2skspanija","status":"publish","type":"product","link":"https:\/\/ventspils.citro.lv\/ru\/veikals\/mandarini-ortanique-2skspanija\/","title":{"rendered":"Mandar\u012bni Ortanique 2\u0161\u0137Sp\u0101nija"},"content":{"rendered":"","protected":false},"excerpt":{"rendered":"<p>2.79 \u20ac\/kg<\/p>\n","protected":false},"featured_media":1223509,"template":"","meta":{"_acf_changed":false,"inline_featured_image":false},"product_cat":[97,98],"product_tag":[],"acf":[],"aioseo_notices":[],"_links":{"self":[{"href":"https:\/\/ventspils.citro.lv\/ru\/wp-json\/wp\/v2\/product\/33989"}],"collection":[{"href":"https:\/\/ventspils.citro.lv\/ru\/wp-json\/wp\/v2\/product"}],"about":[{"href":"https:\/\/ventspils.citro.lv\/ru\/wp-json\/wp\/v2\/types\/product"}],"wp:featuredmedia":[{"embeddable":true,"href":"https:\/\/ventspils.citro.lv\/ru\/wp-json\/wp\/v2\/media\/1223509"}],"wp:attachment":[{"href":"https:\/\/ventspils.citro.lv\/ru\/wp-json\/wp\/v2\/media?parent=33989"}],"wp:term":[{"taxonomy":"product_cat","embeddable":true,"href":"https:\/\/ventspils.citro.lv\/ru\/wp-json\/wp\/v2\/product_cat?post=33989"},{"taxonomy":"product_tag","embeddable":true,"href":"https:\/\/ventspils.citro.lv\/ru\/wp-json\/wp\/v2\/product_tag?post=33989"}],"curies":[{"name":"wp","href":"https:\/\/api.w.org\/{rel}","templated":true}]}}