{"id":33988,"date":"2026-05-14T01:19:18","date_gmt":"2026-05-13T22:19:18","guid":{"rendered":"https:\/\/ventspils.citro.lv\/veikals\/vinogas-zalas-a-k-victorija-italija-2skira\/"},"modified":"2026-05-14T01:19:29","modified_gmt":"2026-05-13T22:19:29","slug":"vinogas-zalas-b-k-2-skperu","status":"publish","type":"product","link":"https:\/\/ventspils.citro.lv\/ru\/veikals\/vinogas-zalas-b-k-2-skperu\/","title":{"rendered":"V\u012bnogas za\u013c\u0101s b\/ k 2.\u0161\u0137Peru"},"content":{"rendered":"","protected":false},"excerpt":{"rendered":"<p>4.99 \u20ac\/kg<\/p>\n","protected":false},"featured_media":1260395,"template":"","meta":{"_acf_changed":false,"inline_featured_image":false},"product_cat":[97,98],"product_tag":[],"acf":[],"aioseo_notices":[],"_links":{"self":[{"href":"https:\/\/ventspils.citro.lv\/ru\/wp-json\/wp\/v2\/product\/33988"}],"collection":[{"href":"https:\/\/ventspils.citro.lv\/ru\/wp-json\/wp\/v2\/product"}],"about":[{"href":"https:\/\/ventspils.citro.lv\/ru\/wp-json\/wp\/v2\/types\/product"}],"wp:featuredmedia":[{"embeddable":true,"href":"https:\/\/ventspils.citro.lv\/ru\/wp-json\/wp\/v2\/media\/1260395"}],"wp:attachment":[{"href":"https:\/\/ventspils.citro.lv\/ru\/wp-json\/wp\/v2\/media?parent=33988"}],"wp:term":[{"taxonomy":"product_cat","embeddable":true,"href":"https:\/\/ventspils.citro.lv\/ru\/wp-json\/wp\/v2\/product_cat?post=33988"},{"taxonomy":"product_tag","embeddable":true,"href":"https:\/\/ventspils.citro.lv\/ru\/wp-json\/wp\/v2\/product_tag?post=33988"}],"curies":[{"name":"wp","href":"https:\/\/api.w.org\/{rel}","templated":true}]}}