{"id":33985,"date":"2026-04-30T01:30:35","date_gmt":"2026-04-29T22:30:35","guid":{"rendered":"https:\/\/ventspils.citro.lv\/veikals\/baklazani-niderlande-2sk\/"},"modified":"2026-04-30T01:30:41","modified_gmt":"2026-04-29T22:30:41","slug":"baklazani-2-sk-niderlande","status":"publish","type":"product","link":"https:\/\/ventspils.citro.lv\/ru\/veikals\/baklazani-2-sk-niderlande\/","title":{"rendered":"Bakla\u017e\u0101ni  2.\u0161\u0137.N\u012bderlande"},"content":{"rendered":"","protected":false},"excerpt":{"rendered":"<p>3.29 \u20ac\/kg<\/p>\n","protected":false},"featured_media":1254882,"template":"","meta":{"_acf_changed":false,"inline_featured_image":false},"product_cat":[97,99],"product_tag":[],"acf":[],"aioseo_notices":[],"_links":{"self":[{"href":"https:\/\/ventspils.citro.lv\/ru\/wp-json\/wp\/v2\/product\/33985"}],"collection":[{"href":"https:\/\/ventspils.citro.lv\/ru\/wp-json\/wp\/v2\/product"}],"about":[{"href":"https:\/\/ventspils.citro.lv\/ru\/wp-json\/wp\/v2\/types\/product"}],"wp:featuredmedia":[{"embeddable":true,"href":"https:\/\/ventspils.citro.lv\/ru\/wp-json\/wp\/v2\/media\/1254882"}],"wp:attachment":[{"href":"https:\/\/ventspils.citro.lv\/ru\/wp-json\/wp\/v2\/media?parent=33985"}],"wp:term":[{"taxonomy":"product_cat","embeddable":true,"href":"https:\/\/ventspils.citro.lv\/ru\/wp-json\/wp\/v2\/product_cat?post=33985"},{"taxonomy":"product_tag","embeddable":true,"href":"https:\/\/ventspils.citro.lv\/ru\/wp-json\/wp\/v2\/product_tag?post=33985"}],"curies":[{"name":"wp","href":"https:\/\/api.w.org\/{rel}","templated":true}]}}