{"id":33984,"date":"2026-04-12T00:48:48","date_gmt":"2026-04-11T21:48:48","guid":{"rendered":"https:\/\/ventspils.citro.lv\/veikals\/greipfruti-rubi-dienvidafrika-2-sk\/"},"modified":"2026-04-12T00:48:57","modified_gmt":"2026-04-11T21:48:57","slug":"greipfruti-ruby-star-2-sk-turcija","status":"publish","type":"product","link":"https:\/\/ventspils.citro.lv\/ru\/veikals\/greipfruti-ruby-star-2-sk-turcija\/","title":{"rendered":"Greipfr\u016bti Ruby star 2.\u0161\u0137.Turcija"},"content":{"rendered":"","protected":false},"excerpt":{"rendered":"<p>1.99 \u20ac\/kg<\/p>\n","protected":false},"featured_media":1244673,"template":"","meta":{"_acf_changed":false,"inline_featured_image":false},"product_cat":[97,98],"product_tag":[],"acf":[],"aioseo_notices":[],"_links":{"self":[{"href":"https:\/\/ventspils.citro.lv\/ru\/wp-json\/wp\/v2\/product\/33984"}],"collection":[{"href":"https:\/\/ventspils.citro.lv\/ru\/wp-json\/wp\/v2\/product"}],"about":[{"href":"https:\/\/ventspils.citro.lv\/ru\/wp-json\/wp\/v2\/types\/product"}],"wp:featuredmedia":[{"embeddable":true,"href":"https:\/\/ventspils.citro.lv\/ru\/wp-json\/wp\/v2\/media\/1244673"}],"wp:attachment":[{"href":"https:\/\/ventspils.citro.lv\/ru\/wp-json\/wp\/v2\/media?parent=33984"}],"wp:term":[{"taxonomy":"product_cat","embeddable":true,"href":"https:\/\/ventspils.citro.lv\/ru\/wp-json\/wp\/v2\/product_cat?post=33984"},{"taxonomy":"product_tag","embeddable":true,"href":"https:\/\/ventspils.citro.lv\/ru\/wp-json\/wp\/v2\/product_tag?post=33984"}],"curies":[{"name":"wp","href":"https:\/\/api.w.org\/{rel}","templated":true}]}}