{"id":33983,"date":"2026-04-13T00:51:08","date_gmt":"2026-04-12T21:51:08","guid":{"rendered":"https:\/\/ventspils.citro.lv\/veikals\/melones-dzeltenas-spanija-2-sk\/"},"modified":"2026-04-13T00:51:27","modified_gmt":"2026-04-12T21:51:27","slug":"melones-dzeltenas-2-sk-hondurasa","status":"publish","type":"product","link":"https:\/\/ventspils.citro.lv\/ru\/veikals\/melones-dzeltenas-2-sk-hondurasa\/","title":{"rendered":"Melones  dzeltenas 2.\u0161\u0137.Hondurasa"},"content":{"rendered":"<p>Fas\u0113ts AS Di\u0101na. Uzglab\u0101t t pie +20 l\u012bdz +25 C<\/p>\n","protected":false},"excerpt":{"rendered":"<p>2.49 \u20ac\/kg<\/p>\n","protected":false},"featured_media":1244816,"template":"","meta":{"_acf_changed":false,"inline_featured_image":false},"product_cat":[97,98],"product_tag":[],"acf":[],"aioseo_notices":[],"_links":{"self":[{"href":"https:\/\/ventspils.citro.lv\/ru\/wp-json\/wp\/v2\/product\/33983"}],"collection":[{"href":"https:\/\/ventspils.citro.lv\/ru\/wp-json\/wp\/v2\/product"}],"about":[{"href":"https:\/\/ventspils.citro.lv\/ru\/wp-json\/wp\/v2\/types\/product"}],"wp:featuredmedia":[{"embeddable":true,"href":"https:\/\/ventspils.citro.lv\/ru\/wp-json\/wp\/v2\/media\/1244816"}],"wp:attachment":[{"href":"https:\/\/ventspils.citro.lv\/ru\/wp-json\/wp\/v2\/media?parent=33983"}],"wp:term":[{"taxonomy":"product_cat","embeddable":true,"href":"https:\/\/ventspils.citro.lv\/ru\/wp-json\/wp\/v2\/product_cat?post=33983"},{"taxonomy":"product_tag","embeddable":true,"href":"https:\/\/ventspils.citro.lv\/ru\/wp-json\/wp\/v2\/product_tag?post=33983"}],"curies":[{"name":"wp","href":"https:\/\/api.w.org\/{rel}","templated":true}]}}