{"id":33969,"date":"2026-01-10T00:48:22","date_gmt":"2026-01-09T22:48:22","guid":{"rendered":"https:\/\/ventspils.citro.lv\/veikals\/salati-galas-liellopa\/"},"modified":"2026-04-30T20:43:35","modified_gmt":"2026-04-30T17:43:35","slug":"salati-galas-citro-sv","status":"publish","type":"product","link":"https:\/\/ventspils.citro.lv\/ru\/veikals\/salati-galas-citro-sv\/","title":{"rendered":"Sal\u0101ti Ga\u013cas Citro sv."},"content":{"rendered":"<p>Sast\u0101vda\u013cas: kartupe\u013ci,  liellopu ga\u013ca (20%), majon\u0113ze (rap\u0161u e\u013c\u013ca, \u016bdens, OLU pulveris, V\u0100JPIENA pulveris, cukurs, modific\u0113ta ciete, s\u0101ls, sk\u0101buma regul\u0113t\u0101ji (eti\u0137sk\u0101be, piensk\u0101be), biezin\u0101t\u0101ji ( modific\u0113ta ciete, gu\u0101ra sve\u0137i, ksant\u0101na sve\u0137i), konservanti (k\u0101lija sorb\u0101ts, n\u0101trija benzo\u0101ts)),  marin\u0113ti gur\u0137i (gur\u0137i, \u016bdens, v\u012bna eti\u0137is, s\u0101ls, gar\u0161vielas (dilles, s\u012bpoli, SINEPJU s\u0113klas, piparu graudi\u0146i), konservants:E211, dab\u012bgs aromatiz\u0113t\u0101js, saldin\u0101t\u0101js:E954), kons. zirn\u012b\u0161i (za\u013cie zirn\u012b\u0161i (70%), \u016bdens, s\u0101ls, cukurs), p\u0101rtikas s\u0101ls, melnie maltie pipari.100 g produkta satur:  ener\u0123\u0113tisk\u0101 v\u0113rt\u012bba 773KJ\/188kcal,  tauki 14,3g , tostarp pies\u0101tin\u0101t\u0101s tauksk\u0101bes 2,2g, og\u013chidr\u0101ti 6,6g ,tostarp cukurs 1,4g \u0161\u0137iedrvielas 1,3g, olbaltumvielas 7g, s\u0101ls 1g.Uzglab\u0101\u0161anas temperat\u016bra: +2\u2026+6 C. Izlietot l\u012bdz: nor\u0101d\u012bts uz iepakojuma. Ra\u017eot\u0101js: SIA Di\u0101na Bistro, Andreja iela 5.<\/p>\n","protected":false},"excerpt":{"rendered":"<p>10.99 \u20ac\/kg<\/p>\n","protected":false},"featured_media":1190879,"template":"","meta":{"_acf_changed":false,"inline_featured_image":false},"product_cat":[113,212],"product_tag":[],"acf":[],"aioseo_notices":[],"_links":{"self":[{"href":"https:\/\/ventspils.citro.lv\/ru\/wp-json\/wp\/v2\/product\/33969"}],"collection":[{"href":"https:\/\/ventspils.citro.lv\/ru\/wp-json\/wp\/v2\/product"}],"about":[{"href":"https:\/\/ventspils.citro.lv\/ru\/wp-json\/wp\/v2\/types\/product"}],"wp:featuredmedia":[{"embeddable":true,"href":"https:\/\/ventspils.citro.lv\/ru\/wp-json\/wp\/v2\/media\/1190879"}],"wp:attachment":[{"href":"https:\/\/ventspils.citro.lv\/ru\/wp-json\/wp\/v2\/media?parent=33969"}],"wp:term":[{"taxonomy":"product_cat","embeddable":true,"href":"https:\/\/ventspils.citro.lv\/ru\/wp-json\/wp\/v2\/product_cat?post=33969"},{"taxonomy":"product_tag","embeddable":true,"href":"https:\/\/ventspils.citro.lv\/ru\/wp-json\/wp\/v2\/product_tag?post=33969"}],"curies":[{"name":"wp","href":"https:\/\/api.w.org\/{rel}","templated":true}]}}