{"id":33968,"date":"2026-02-24T01:15:23","date_gmt":"2026-02-23T23:15:23","guid":{"rendered":"https:\/\/ventspils.citro.lv\/veikals\/salati-svaigu-kapostu\/"},"modified":"2026-03-29T17:54:55","modified_gmt":"2026-03-29T14:54:55","slug":"salati-svaigu-kapostu-citro-sv","status":"publish","type":"product","link":"https:\/\/ventspils.citro.lv\/ru\/veikals\/salati-svaigu-kapostu-citro-sv\/","title":{"rendered":"Sal\u0101ti svaigu k\u0101postu Citro sv."},"content":{"rendered":"<p>Sast\u0101vda\u013cas: k\u0101posti, burk\u0101ni, rap\u0161u e\u013c\u013ca, cukurs, p\u0101rtikas s\u0101ls, eti\u0137a esence. 100 g produkta satur: ener\u0123\u0113tisk\u0101 v\u0113rt\u012bba 297KJ \/72kcal,  tauki 4,8g, tostarp pies\u0101tin\u0101t\u0101s tauksk\u0101bes 0,7g, og\u013chidr\u0101ti 5g, tostarp cukurs 5g, \u0161\u0137iedrvielas 2g, olbaltumvielas 1g, s\u0101ls 0,9 g..Uzglab\u0101\u0161anas temperat\u016bra: +2&#8230; +6 C . Izlietot l\u012bdz: nor\u0101dits uz iepakojuma. Ra\u017eot\u0101js: SIA Di\u0101na Bistro, Andreja iela 5, Ventspils<\/p>\n","protected":false},"excerpt":{"rendered":"<p>3.99 \u20ac\/kg<\/p>\n","protected":false},"featured_media":1213202,"template":"","meta":{"_acf_changed":false,"inline_featured_image":false},"product_cat":[113,212],"product_tag":[],"acf":[],"aioseo_notices":[],"_links":{"self":[{"href":"https:\/\/ventspils.citro.lv\/ru\/wp-json\/wp\/v2\/product\/33968"}],"collection":[{"href":"https:\/\/ventspils.citro.lv\/ru\/wp-json\/wp\/v2\/product"}],"about":[{"href":"https:\/\/ventspils.citro.lv\/ru\/wp-json\/wp\/v2\/types\/product"}],"wp:featuredmedia":[{"embeddable":true,"href":"https:\/\/ventspils.citro.lv\/ru\/wp-json\/wp\/v2\/media\/1213202"}],"wp:attachment":[{"href":"https:\/\/ventspils.citro.lv\/ru\/wp-json\/wp\/v2\/media?parent=33968"}],"wp:term":[{"taxonomy":"product_cat","embeddable":true,"href":"https:\/\/ventspils.citro.lv\/ru\/wp-json\/wp\/v2\/product_cat?post=33968"},{"taxonomy":"product_tag","embeddable":true,"href":"https:\/\/ventspils.citro.lv\/ru\/wp-json\/wp\/v2\/product_tag?post=33968"}],"curies":[{"name":"wp","href":"https:\/\/api.w.org\/{rel}","templated":true}]}}