{"id":33966,"date":"2025-09-03T00:42:30","date_gmt":"2025-09-02T21:42:30","guid":{"rendered":"https:\/\/ventspils.citro.lv\/veikals\/salati-biesu-kiploku\/"},"modified":"2026-03-16T10:28:19","modified_gmt":"2026-03-16T08:28:19","slug":"salati-biesu-kiploku","status":"publish","type":"product","link":"https:\/\/ventspils.citro.lv\/ru\/veikals\/salati-biesu-kiploku\/","title":{"rendered":"Sal\u0101ti bie\u0161u \u0137iploku"},"content":{"rendered":"<p>Sast\u0101vda\u013cas: bietes, majon\u0113ze (rap\u0161u e\u013c\u013ca, \u016bdens, OLU pulveris, V\u0100JPIENA pulveris, cukurs, modific\u0113ta ciete, s\u0101ls, sk\u0101buma regul\u0113t\u0101ji (eti\u0137sk\u0101be, piensk\u0101be), biezin\u0101t\u0101ji ( modific\u0113ta ciete, gu\u0101ra sve\u0137i, ksant\u0101na sve\u0137i), konservanti (k\u0101lija sorb\u0101ts, n\u0101trija benzo\u0101ts)), \u0137iploki, s\u0101ls.100g produkta satur:  ener\u0123\u0113tisk\u0101 v\u0113rt\u012bba 402KJ\/97,5kcal,  tauki 6,5g, tostarp pies\u0101tin\u0101t\u0101s tauksk\u0101bes 0,5g, og\u013chidr\u0101ti 7,1g tostarp cukurs 6,3g, olbaltumvielas 1,3g, s\u0101ls 1,1g.  Uzglab.temp.: +2\u2026+6 C. Izlietot l\u012bdz: nor\u0101d\u012bts uz iepakojuma. Ra\u017eot\u0101js: SIA Di\u0101na Bistro, Andreja iela 5.<\/p>\n","protected":false},"excerpt":{"rendered":"<p>2.99 \u20ac\/kg<\/p>\n","protected":false},"featured_media":1118551,"template":"","meta":{"_acf_changed":false,"inline_featured_image":false},"product_cat":[113,212],"product_tag":[],"acf":[],"aioseo_notices":[],"_links":{"self":[{"href":"https:\/\/ventspils.citro.lv\/ru\/wp-json\/wp\/v2\/product\/33966"}],"collection":[{"href":"https:\/\/ventspils.citro.lv\/ru\/wp-json\/wp\/v2\/product"}],"about":[{"href":"https:\/\/ventspils.citro.lv\/ru\/wp-json\/wp\/v2\/types\/product"}],"wp:featuredmedia":[{"embeddable":true,"href":"https:\/\/ventspils.citro.lv\/ru\/wp-json\/wp\/v2\/media\/1118551"}],"wp:attachment":[{"href":"https:\/\/ventspils.citro.lv\/ru\/wp-json\/wp\/v2\/media?parent=33966"}],"wp:term":[{"taxonomy":"product_cat","embeddable":true,"href":"https:\/\/ventspils.citro.lv\/ru\/wp-json\/wp\/v2\/product_cat?post=33966"},{"taxonomy":"product_tag","embeddable":true,"href":"https:\/\/ventspils.citro.lv\/ru\/wp-json\/wp\/v2\/product_tag?post=33966"}],"curies":[{"name":"wp","href":"https:\/\/api.w.org\/{rel}","templated":true}]}}