{"id":33965,"date":"2026-04-03T00:39:17","date_gmt":"2026-04-02T21:39:17","guid":{"rendered":"https:\/\/ventspils.citro.lv\/veikals\/kaposti-sarkanie-polija-1sk\/"},"modified":"2026-04-03T00:39:24","modified_gmt":"2026-04-02T21:39:24","slug":"kaposti-sarkanie-2sk-polija","status":"publish","type":"product","link":"https:\/\/ventspils.citro.lv\/ru\/veikals\/kaposti-sarkanie-2sk-polija\/","title":{"rendered":"K\u0101posti sarkanie 2\u0161\u0137 Polija"},"content":{"rendered":"<p>Fas\u0113ts AS Di\u0101na.<\/p>\n","protected":false},"excerpt":{"rendered":"<p>0.89 \u20ac\/kg<\/p>\n","protected":false},"featured_media":1239309,"template":"","meta":{"_acf_changed":false,"inline_featured_image":false},"product_cat":[97,99],"product_tag":[],"acf":[],"aioseo_notices":[],"_links":{"self":[{"href":"https:\/\/ventspils.citro.lv\/ru\/wp-json\/wp\/v2\/product\/33965"}],"collection":[{"href":"https:\/\/ventspils.citro.lv\/ru\/wp-json\/wp\/v2\/product"}],"about":[{"href":"https:\/\/ventspils.citro.lv\/ru\/wp-json\/wp\/v2\/types\/product"}],"wp:featuredmedia":[{"embeddable":true,"href":"https:\/\/ventspils.citro.lv\/ru\/wp-json\/wp\/v2\/media\/1239309"}],"wp:attachment":[{"href":"https:\/\/ventspils.citro.lv\/ru\/wp-json\/wp\/v2\/media?parent=33965"}],"wp:term":[{"taxonomy":"product_cat","embeddable":true,"href":"https:\/\/ventspils.citro.lv\/ru\/wp-json\/wp\/v2\/product_cat?post=33965"},{"taxonomy":"product_tag","embeddable":true,"href":"https:\/\/ventspils.citro.lv\/ru\/wp-json\/wp\/v2\/product_tag?post=33965"}],"curies":[{"name":"wp","href":"https:\/\/api.w.org\/{rel}","templated":true}]}}