{"id":33963,"date":"2026-05-14T01:12:46","date_gmt":"2026-05-13T22:12:46","guid":{"rendered":"https:\/\/ventspils.citro.lv\/veikals\/kiploki-latvija\/"},"modified":"2026-05-14T01:13:05","modified_gmt":"2026-05-13T22:13:05","slug":"kiploki-2sk-kina","status":"publish","type":"product","link":"https:\/\/ventspils.citro.lv\/ru\/veikals\/kiploki-2sk-kina\/","title":{"rendered":"\u0136iploki 2s\u0137 \u0136\u012bna"},"content":{"rendered":"","protected":false},"excerpt":{"rendered":"<p>4.99 \u20ac\/kg<\/p>\n","protected":false},"featured_media":1260377,"template":"","meta":{"_acf_changed":false,"inline_featured_image":false},"product_cat":[97,99],"product_tag":[],"acf":[],"aioseo_notices":[],"_links":{"self":[{"href":"https:\/\/ventspils.citro.lv\/ru\/wp-json\/wp\/v2\/product\/33963"}],"collection":[{"href":"https:\/\/ventspils.citro.lv\/ru\/wp-json\/wp\/v2\/product"}],"about":[{"href":"https:\/\/ventspils.citro.lv\/ru\/wp-json\/wp\/v2\/types\/product"}],"wp:featuredmedia":[{"embeddable":true,"href":"https:\/\/ventspils.citro.lv\/ru\/wp-json\/wp\/v2\/media\/1260377"}],"wp:attachment":[{"href":"https:\/\/ventspils.citro.lv\/ru\/wp-json\/wp\/v2\/media?parent=33963"}],"wp:term":[{"taxonomy":"product_cat","embeddable":true,"href":"https:\/\/ventspils.citro.lv\/ru\/wp-json\/wp\/v2\/product_cat?post=33963"},{"taxonomy":"product_tag","embeddable":true,"href":"https:\/\/ventspils.citro.lv\/ru\/wp-json\/wp\/v2\/product_tag?post=33963"}],"curies":[{"name":"wp","href":"https:\/\/api.w.org\/{rel}","templated":true}]}}