{"id":33962,"date":"2026-05-13T00:51:02","date_gmt":"2026-05-12T21:51:02","guid":{"rendered":"https:\/\/ventspils.citro.lv\/veikals\/kinas-kaposts-latvija-2sk\/"},"modified":"2026-05-13T00:51:16","modified_gmt":"2026-05-12T21:51:16","slug":"kinas-kaposts-2skpolija","status":"publish","type":"product","link":"https:\/\/ventspils.citro.lv\/ru\/veikals\/kinas-kaposts-2skpolija\/","title":{"rendered":"\u0136\u012bnas k\u0101posts 2\u0161\u0137Polija"},"content":{"rendered":"<p>Fas\u0113ts AS Di\u0101na.<\/p>\n","protected":false},"excerpt":{"rendered":"<p>1.39 \u20ac\/kg<\/p>\n","protected":false},"featured_media":1260129,"template":"","meta":{"_acf_changed":false,"inline_featured_image":false},"product_cat":[97,99],"product_tag":[],"acf":[],"aioseo_notices":[],"_links":{"self":[{"href":"https:\/\/ventspils.citro.lv\/ru\/wp-json\/wp\/v2\/product\/33962"}],"collection":[{"href":"https:\/\/ventspils.citro.lv\/ru\/wp-json\/wp\/v2\/product"}],"about":[{"href":"https:\/\/ventspils.citro.lv\/ru\/wp-json\/wp\/v2\/types\/product"}],"wp:featuredmedia":[{"embeddable":true,"href":"https:\/\/ventspils.citro.lv\/ru\/wp-json\/wp\/v2\/media\/1260129"}],"wp:attachment":[{"href":"https:\/\/ventspils.citro.lv\/ru\/wp-json\/wp\/v2\/media?parent=33962"}],"wp:term":[{"taxonomy":"product_cat","embeddable":true,"href":"https:\/\/ventspils.citro.lv\/ru\/wp-json\/wp\/v2\/product_cat?post=33962"},{"taxonomy":"product_tag","embeddable":true,"href":"https:\/\/ventspils.citro.lv\/ru\/wp-json\/wp\/v2\/product_tag?post=33962"}],"curies":[{"name":"wp","href":"https:\/\/api.w.org\/{rel}","templated":true}]}}