{"id":33960,"date":"2026-04-12T00:48:32","date_gmt":"2026-04-11T21:48:32","guid":{"rendered":"https:\/\/ventspils.citro.lv\/veikals\/puravi-niderlande-2-sk\/"},"modified":"2026-04-12T00:48:39","modified_gmt":"2026-04-11T21:48:39","slug":"puravi-2-sk-niderlande","status":"publish","type":"product","link":"https:\/\/ventspils.citro.lv\/ru\/veikals\/puravi-2-sk-niderlande\/","title":{"rendered":"Puravi 2.\u0161\u0137. N\u012bderlande"},"content":{"rendered":"<p>Fas\u0113ts AS Di\u0101na. Uzglab\u0101t t pie +6 l\u012bdz +10 C<\/p>\n","protected":false},"excerpt":{"rendered":"<p>1.59 \u20ac\/kg<\/p>\n","protected":false},"featured_media":1244670,"template":"","meta":{"_acf_changed":false,"inline_featured_image":false},"product_cat":[97,99],"product_tag":[],"acf":[],"aioseo_notices":[],"_links":{"self":[{"href":"https:\/\/ventspils.citro.lv\/ru\/wp-json\/wp\/v2\/product\/33960"}],"collection":[{"href":"https:\/\/ventspils.citro.lv\/ru\/wp-json\/wp\/v2\/product"}],"about":[{"href":"https:\/\/ventspils.citro.lv\/ru\/wp-json\/wp\/v2\/types\/product"}],"wp:featuredmedia":[{"embeddable":true,"href":"https:\/\/ventspils.citro.lv\/ru\/wp-json\/wp\/v2\/media\/1244670"}],"wp:attachment":[{"href":"https:\/\/ventspils.citro.lv\/ru\/wp-json\/wp\/v2\/media?parent=33960"}],"wp:term":[{"taxonomy":"product_cat","embeddable":true,"href":"https:\/\/ventspils.citro.lv\/ru\/wp-json\/wp\/v2\/product_cat?post=33960"},{"taxonomy":"product_tag","embeddable":true,"href":"https:\/\/ventspils.citro.lv\/ru\/wp-json\/wp\/v2\/product_tag?post=33960"}],"curies":[{"name":"wp","href":"https:\/\/api.w.org\/{rel}","templated":true}]}}