{"id":337691,"date":"2026-03-26T09:45:36","date_gmt":"2026-03-26T07:45:36","guid":{"rendered":"https:\/\/ventspils.citro.lv\/veikals\/vitinata-fileja-skelites-gardu-muti-150g\/"},"modified":"2026-03-26T09:45:41","modified_gmt":"2026-03-26T07:45:41","slug":"vitinata-fileja-skelites-gardu-muti-150g","status":"publish","type":"product","link":"https:\/\/ventspils.citro.lv\/ru\/veikals\/vitinata-fileja-skelites-gardu-muti-150g\/","title":{"rendered":"V\u012btin\u0101ta fileja \u0161\u0137\u0113l\u012btes Gardu muti 150g"},"content":{"rendered":"","protected":false},"excerpt":{"rendered":"<p>21.00 \u20ac\/kg<\/p>\n","protected":false},"featured_media":1234208,"template":"","meta":{"_acf_changed":false,"inline_featured_image":false},"product_cat":[135,174],"product_tag":[],"acf":[],"aioseo_notices":[],"_links":{"self":[{"href":"https:\/\/ventspils.citro.lv\/ru\/wp-json\/wp\/v2\/product\/337691"}],"collection":[{"href":"https:\/\/ventspils.citro.lv\/ru\/wp-json\/wp\/v2\/product"}],"about":[{"href":"https:\/\/ventspils.citro.lv\/ru\/wp-json\/wp\/v2\/types\/product"}],"wp:featuredmedia":[{"embeddable":true,"href":"https:\/\/ventspils.citro.lv\/ru\/wp-json\/wp\/v2\/media\/1234208"}],"wp:attachment":[{"href":"https:\/\/ventspils.citro.lv\/ru\/wp-json\/wp\/v2\/media?parent=337691"}],"wp:term":[{"taxonomy":"product_cat","embeddable":true,"href":"https:\/\/ventspils.citro.lv\/ru\/wp-json\/wp\/v2\/product_cat?post=337691"},{"taxonomy":"product_tag","embeddable":true,"href":"https:\/\/ventspils.citro.lv\/ru\/wp-json\/wp\/v2\/product_tag?post=337691"}],"curies":[{"name":"wp","href":"https:\/\/api.w.org\/{rel}","templated":true}]}}