{"id":337594,"date":"2026-05-12T06:57:03","date_gmt":"2026-05-12T03:57:03","guid":{"rendered":"https:\/\/ventspils.citro.lv\/veikals\/silku-fileja-gabalini-marinade-ar-citronu-200g-115g\/"},"modified":"2026-05-12T06:57:12","modified_gmt":"2026-05-12T03:57:12","slug":"silku-fileja-gabalini-marinade-ar-citronu-200g-115g","status":"publish","type":"product","link":"https:\/\/ventspils.citro.lv\/ru\/veikals\/silku-fileja-gabalini-marinade-ar-citronu-200g-115g\/","title":{"rendered":"Si\u013c\u0137u fileja gabali\u0146i marin\u0101d\u0113 ar citronu 200g\/115g"},"content":{"rendered":"","protected":false},"excerpt":{"rendered":"<p>9.75 \u20ac\/kg<\/p>\n","protected":false},"featured_media":1259535,"template":"","meta":{"_acf_changed":false,"inline_featured_image":false},"product_cat":[545,135],"product_tag":[],"acf":[],"aioseo_notices":[],"_links":{"self":[{"href":"https:\/\/ventspils.citro.lv\/ru\/wp-json\/wp\/v2\/product\/337594"}],"collection":[{"href":"https:\/\/ventspils.citro.lv\/ru\/wp-json\/wp\/v2\/product"}],"about":[{"href":"https:\/\/ventspils.citro.lv\/ru\/wp-json\/wp\/v2\/types\/product"}],"wp:featuredmedia":[{"embeddable":true,"href":"https:\/\/ventspils.citro.lv\/ru\/wp-json\/wp\/v2\/media\/1259535"}],"wp:attachment":[{"href":"https:\/\/ventspils.citro.lv\/ru\/wp-json\/wp\/v2\/media?parent=337594"}],"wp:term":[{"taxonomy":"product_cat","embeddable":true,"href":"https:\/\/ventspils.citro.lv\/ru\/wp-json\/wp\/v2\/product_cat?post=337594"},{"taxonomy":"product_tag","embeddable":true,"href":"https:\/\/ventspils.citro.lv\/ru\/wp-json\/wp\/v2\/product_tag?post=337594"}],"curies":[{"name":"wp","href":"https:\/\/api.w.org\/{rel}","templated":true}]}}