{"id":3373,"date":"2026-04-02T02:12:49","date_gmt":"2026-04-01T23:12:49","guid":{"rendered":"https:\/\/eveikals.citro.lv\/ventspils\/veikals\/siers-krievijas-skelites-150g\/"},"modified":"2026-04-02T02:12:54","modified_gmt":"2026-04-01T23:12:54","slug":"siers-krievijas-skelites-150g","status":"publish","type":"product","link":"https:\/\/ventspils.citro.lv\/ru\/veikals\/siers-krievijas-skelites-150g\/","title":{"rendered":"Siers Krievijas \u0161\u0137\u0113l\u012btes 150g"},"content":{"rendered":"","protected":false},"excerpt":{"rendered":"<p>11.93 \u20ac\/kg<\/p>\n","protected":false},"featured_media":1239148,"template":"","meta":{"_acf_changed":false,"inline_featured_image":false},"product_cat":[95,224],"product_tag":[],"acf":[],"aioseo_notices":[],"_links":{"self":[{"href":"https:\/\/ventspils.citro.lv\/ru\/wp-json\/wp\/v2\/product\/3373"}],"collection":[{"href":"https:\/\/ventspils.citro.lv\/ru\/wp-json\/wp\/v2\/product"}],"about":[{"href":"https:\/\/ventspils.citro.lv\/ru\/wp-json\/wp\/v2\/types\/product"}],"wp:featuredmedia":[{"embeddable":true,"href":"https:\/\/ventspils.citro.lv\/ru\/wp-json\/wp\/v2\/media\/1239148"}],"wp:attachment":[{"href":"https:\/\/ventspils.citro.lv\/ru\/wp-json\/wp\/v2\/media?parent=3373"}],"wp:term":[{"taxonomy":"product_cat","embeddable":true,"href":"https:\/\/ventspils.citro.lv\/ru\/wp-json\/wp\/v2\/product_cat?post=3373"},{"taxonomy":"product_tag","embeddable":true,"href":"https:\/\/ventspils.citro.lv\/ru\/wp-json\/wp\/v2\/product_tag?post=3373"}],"curies":[{"name":"wp","href":"https:\/\/api.w.org\/{rel}","templated":true}]}}