{"id":33714,"date":"2026-05-16T01:15:59","date_gmt":"2026-05-15T22:15:59","guid":{"rendered":"https:\/\/ventspils.citro.lv\/veikals\/salati-mix-family-150g-2-sk\/"},"modified":"2026-05-16T01:16:10","modified_gmt":"2026-05-15T22:16:10","slug":"salati-mix-family-150g-2-sk-lietuva","status":"publish","type":"product","link":"https:\/\/ventspils.citro.lv\/ru\/veikals\/salati-mix-family-150g-2-sk-lietuva\/","title":{"rendered":"Sal\u0101ti MIX Family 150g 2.\u0161\u0137.Lietuva"},"content":{"rendered":"","protected":false},"excerpt":{"rendered":"<p>10.60 \u20ac\/kg<\/p>\n","protected":false},"featured_media":1261201,"template":"","meta":{"_acf_changed":false,"inline_featured_image":false},"product_cat":[97,99],"product_tag":[],"acf":[],"aioseo_notices":[],"_links":{"self":[{"href":"https:\/\/ventspils.citro.lv\/ru\/wp-json\/wp\/v2\/product\/33714"}],"collection":[{"href":"https:\/\/ventspils.citro.lv\/ru\/wp-json\/wp\/v2\/product"}],"about":[{"href":"https:\/\/ventspils.citro.lv\/ru\/wp-json\/wp\/v2\/types\/product"}],"wp:featuredmedia":[{"embeddable":true,"href":"https:\/\/ventspils.citro.lv\/ru\/wp-json\/wp\/v2\/media\/1261201"}],"wp:attachment":[{"href":"https:\/\/ventspils.citro.lv\/ru\/wp-json\/wp\/v2\/media?parent=33714"}],"wp:term":[{"taxonomy":"product_cat","embeddable":true,"href":"https:\/\/ventspils.citro.lv\/ru\/wp-json\/wp\/v2\/product_cat?post=33714"},{"taxonomy":"product_tag","embeddable":true,"href":"https:\/\/ventspils.citro.lv\/ru\/wp-json\/wp\/v2\/product_tag?post=33714"}],"curies":[{"name":"wp","href":"https:\/\/api.w.org\/{rel}","templated":true}]}}