{"id":33710,"date":"2026-04-30T01:53:02","date_gmt":"2026-04-29T22:53:02","guid":{"rendered":"https:\/\/ventspils.citro.lv\/veikals\/sula-skabetu-kapostu-0-3l\/"},"modified":"2026-05-01T15:30:17","modified_gmt":"2026-05-01T12:30:17","slug":"sula-skabetu-kapostu-0-25l","status":"publish","type":"product","link":"https:\/\/ventspils.citro.lv\/ru\/veikals\/sula-skabetu-kapostu-0-25l\/","title":{"rendered":"Sula sk\u0101b\u0113tu k\u0101postu 0.25l"},"content":{"rendered":"","protected":false},"excerpt":{"rendered":"<p>3.30 \u20ac\/l<\/p>\n","protected":false},"featured_media":1254963,"template":"","meta":{"_acf_changed":false,"inline_featured_image":false},"product_cat":[97,159],"product_tag":[],"acf":[],"aioseo_notices":[],"_links":{"self":[{"href":"https:\/\/ventspils.citro.lv\/ru\/wp-json\/wp\/v2\/product\/33710"}],"collection":[{"href":"https:\/\/ventspils.citro.lv\/ru\/wp-json\/wp\/v2\/product"}],"about":[{"href":"https:\/\/ventspils.citro.lv\/ru\/wp-json\/wp\/v2\/types\/product"}],"wp:featuredmedia":[{"embeddable":true,"href":"https:\/\/ventspils.citro.lv\/ru\/wp-json\/wp\/v2\/media\/1254963"}],"wp:attachment":[{"href":"https:\/\/ventspils.citro.lv\/ru\/wp-json\/wp\/v2\/media?parent=33710"}],"wp:term":[{"taxonomy":"product_cat","embeddable":true,"href":"https:\/\/ventspils.citro.lv\/ru\/wp-json\/wp\/v2\/product_cat?post=33710"},{"taxonomy":"product_tag","embeddable":true,"href":"https:\/\/ventspils.citro.lv\/ru\/wp-json\/wp\/v2\/product_tag?post=33710"}],"curies":[{"name":"wp","href":"https:\/\/api.w.org\/{rel}","templated":true}]}}