{"id":33706,"date":"2026-05-09T00:58:30","date_gmt":"2026-05-08T21:58:30","guid":{"rendered":"https:\/\/ventspils.citro.lv\/veikals\/seleriju-kati-spanija-1gb-2-sk\/"},"modified":"2026-05-09T00:58:42","modified_gmt":"2026-05-08T21:58:42","slug":"seleriju-kati1gb-2-sk-spanija","status":"publish","type":"product","link":"https:\/\/ventspils.citro.lv\/ru\/veikals\/seleriju-kati1gb-2-sk-spanija\/","title":{"rendered":"Seleriju k\u0101ti1gb 2.\u0161\u0137.Sp\u0101nija"},"content":{"rendered":"","protected":false},"excerpt":{"rendered":"<p>0.79 \u20ac\/gb<\/p>\n","protected":false},"featured_media":1258093,"template":"","meta":{"_acf_changed":false,"inline_featured_image":false},"product_cat":[97,99],"product_tag":[],"acf":[],"aioseo_notices":[],"_links":{"self":[{"href":"https:\/\/ventspils.citro.lv\/ru\/wp-json\/wp\/v2\/product\/33706"}],"collection":[{"href":"https:\/\/ventspils.citro.lv\/ru\/wp-json\/wp\/v2\/product"}],"about":[{"href":"https:\/\/ventspils.citro.lv\/ru\/wp-json\/wp\/v2\/types\/product"}],"wp:featuredmedia":[{"embeddable":true,"href":"https:\/\/ventspils.citro.lv\/ru\/wp-json\/wp\/v2\/media\/1258093"}],"wp:attachment":[{"href":"https:\/\/ventspils.citro.lv\/ru\/wp-json\/wp\/v2\/media?parent=33706"}],"wp:term":[{"taxonomy":"product_cat","embeddable":true,"href":"https:\/\/ventspils.citro.lv\/ru\/wp-json\/wp\/v2\/product_cat?post=33706"},{"taxonomy":"product_tag","embeddable":true,"href":"https:\/\/ventspils.citro.lv\/ru\/wp-json\/wp\/v2\/product_tag?post=33706"}],"curies":[{"name":"wp","href":"https:\/\/api.w.org\/{rel}","templated":true}]}}