{"id":33704,"date":"2026-05-12T03:36:14","date_gmt":"2026-05-12T00:36:14","guid":{"rendered":"https:\/\/ventspils.citro.lv\/veikals\/mango-1-sk-malaizija-1-gb\/"},"modified":"2026-05-12T03:36:19","modified_gmt":"2026-05-12T00:36:19","slug":"mango-2-sk-gbbrazilija","status":"publish","type":"product","link":"https:\/\/ventspils.citro.lv\/ru\/veikals\/mango-2-sk-gbbrazilija\/","title":{"rendered":"Mango 2.\u0161\u0137 gbBraz\u012blija"},"content":{"rendered":"","protected":false},"excerpt":{"rendered":"<p>1.05 \u20ac\/gb<\/p>\n","protected":false},"featured_media":1258607,"template":"","meta":{"_acf_changed":false,"inline_featured_image":false},"product_cat":[97,98],"product_tag":[],"acf":[],"aioseo_notices":[],"_links":{"self":[{"href":"https:\/\/ventspils.citro.lv\/ru\/wp-json\/wp\/v2\/product\/33704"}],"collection":[{"href":"https:\/\/ventspils.citro.lv\/ru\/wp-json\/wp\/v2\/product"}],"about":[{"href":"https:\/\/ventspils.citro.lv\/ru\/wp-json\/wp\/v2\/types\/product"}],"wp:featuredmedia":[{"embeddable":true,"href":"https:\/\/ventspils.citro.lv\/ru\/wp-json\/wp\/v2\/media\/1258607"}],"wp:attachment":[{"href":"https:\/\/ventspils.citro.lv\/ru\/wp-json\/wp\/v2\/media?parent=33704"}],"wp:term":[{"taxonomy":"product_cat","embeddable":true,"href":"https:\/\/ventspils.citro.lv\/ru\/wp-json\/wp\/v2\/product_cat?post=33704"},{"taxonomy":"product_tag","embeddable":true,"href":"https:\/\/ventspils.citro.lv\/ru\/wp-json\/wp\/v2\/product_tag?post=33704"}],"curies":[{"name":"wp","href":"https:\/\/api.w.org\/{rel}","templated":true}]}}