{"id":336083,"date":"2025-10-08T03:45:26","date_gmt":"2025-10-08T00:45:26","guid":{"rendered":"https:\/\/ventspils.citro.lv\/veikals\/kartupeli-jaunie-italija\/"},"modified":"2026-04-08T12:55:57","modified_gmt":"2026-04-08T09:55:57","slug":"kartupeli-latvija2-sk","status":"publish","type":"product","link":"https:\/\/ventspils.citro.lv\/ru\/veikals\/kartupeli-latvija2-sk\/","title":{"rendered":"Kartupe\u013ci Latvija2.\u0161\u0137."},"content":{"rendered":"","protected":false},"excerpt":{"rendered":"<p>0.69 \u20ac\/kg<\/p>\n","protected":false},"featured_media":1136245,"template":"","meta":{"_acf_changed":false,"inline_featured_image":false},"product_cat":[97,99],"product_tag":[],"acf":[],"aioseo_notices":[],"_links":{"self":[{"href":"https:\/\/ventspils.citro.lv\/ru\/wp-json\/wp\/v2\/product\/336083"}],"collection":[{"href":"https:\/\/ventspils.citro.lv\/ru\/wp-json\/wp\/v2\/product"}],"about":[{"href":"https:\/\/ventspils.citro.lv\/ru\/wp-json\/wp\/v2\/types\/product"}],"wp:featuredmedia":[{"embeddable":true,"href":"https:\/\/ventspils.citro.lv\/ru\/wp-json\/wp\/v2\/media\/1136245"}],"wp:attachment":[{"href":"https:\/\/ventspils.citro.lv\/ru\/wp-json\/wp\/v2\/media?parent=336083"}],"wp:term":[{"taxonomy":"product_cat","embeddable":true,"href":"https:\/\/ventspils.citro.lv\/ru\/wp-json\/wp\/v2\/product_cat?post=336083"},{"taxonomy":"product_tag","embeddable":true,"href":"https:\/\/ventspils.citro.lv\/ru\/wp-json\/wp\/v2\/product_tag?post=336083"}],"curies":[{"name":"wp","href":"https:\/\/api.w.org\/{rel}","templated":true}]}}