{"id":3352,"date":"2026-04-24T06:27:46","date_gmt":"2026-04-24T03:27:46","guid":{"rendered":"https:\/\/eveikals.citro.lv\/ventspils\/veikals\/merce-gurku-220g-stavpaka\/"},"modified":"2026-04-24T06:27:50","modified_gmt":"2026-04-24T03:27:50","slug":"merce-gurku-stavpaka-220g","status":"publish","type":"product","link":"https:\/\/ventspils.citro.lv\/ru\/veikals\/merce-gurku-stavpaka-220g\/","title":{"rendered":"M\u0113rce gur\u0137u st\u0101vpak\u0101 220g"},"content":{"rendered":"","protected":false},"excerpt":{"rendered":"<p>11.77 \u20ac\/kg<\/p>\n","protected":false},"featured_media":1252029,"template":"","meta":{"_acf_changed":false,"inline_featured_image":false},"product_cat":[116,208],"product_tag":[],"acf":[],"aioseo_notices":[],"_links":{"self":[{"href":"https:\/\/ventspils.citro.lv\/ru\/wp-json\/wp\/v2\/product\/3352"}],"collection":[{"href":"https:\/\/ventspils.citro.lv\/ru\/wp-json\/wp\/v2\/product"}],"about":[{"href":"https:\/\/ventspils.citro.lv\/ru\/wp-json\/wp\/v2\/types\/product"}],"wp:featuredmedia":[{"embeddable":true,"href":"https:\/\/ventspils.citro.lv\/ru\/wp-json\/wp\/v2\/media\/1252029"}],"wp:attachment":[{"href":"https:\/\/ventspils.citro.lv\/ru\/wp-json\/wp\/v2\/media?parent=3352"}],"wp:term":[{"taxonomy":"product_cat","embeddable":true,"href":"https:\/\/ventspils.citro.lv\/ru\/wp-json\/wp\/v2\/product_cat?post=3352"},{"taxonomy":"product_tag","embeddable":true,"href":"https:\/\/ventspils.citro.lv\/ru\/wp-json\/wp\/v2\/product_tag?post=3352"}],"curies":[{"name":"wp","href":"https:\/\/api.w.org\/{rel}","templated":true}]}}