{"id":3351,"date":"2026-03-31T02:33:02","date_gmt":"2026-03-30T23:33:02","guid":{"rendered":"https:\/\/eveikals.citro.lv\/ventspils\/veikals\/melnplumes-zavetas-alis-co-500g\/"},"modified":"2026-04-23T15:46:43","modified_gmt":"2026-04-23T12:46:43","slug":"plumes-melnas-zavetas-alis-co-500g","status":"publish","type":"product","link":"https:\/\/ventspils.citro.lv\/ru\/veikals\/plumes-melnas-zavetas-alis-co-500g\/","title":{"rendered":"Pl\u016bmes meln\u0101s \u017e\u0101v\u0113tas Alis Co 500g"},"content":{"rendered":"","protected":false},"excerpt":{"rendered":"<p>11.98 \u20ac\/kg<\/p>\n","protected":false},"featured_media":1237906,"template":"","meta":{"_acf_changed":false,"inline_featured_image":false},"product_cat":[125,199],"product_tag":[],"acf":[],"aioseo_notices":[],"_links":{"self":[{"href":"https:\/\/ventspils.citro.lv\/ru\/wp-json\/wp\/v2\/product\/3351"}],"collection":[{"href":"https:\/\/ventspils.citro.lv\/ru\/wp-json\/wp\/v2\/product"}],"about":[{"href":"https:\/\/ventspils.citro.lv\/ru\/wp-json\/wp\/v2\/types\/product"}],"wp:featuredmedia":[{"embeddable":true,"href":"https:\/\/ventspils.citro.lv\/ru\/wp-json\/wp\/v2\/media\/1237906"}],"wp:attachment":[{"href":"https:\/\/ventspils.citro.lv\/ru\/wp-json\/wp\/v2\/media?parent=3351"}],"wp:term":[{"taxonomy":"product_cat","embeddable":true,"href":"https:\/\/ventspils.citro.lv\/ru\/wp-json\/wp\/v2\/product_cat?post=3351"},{"taxonomy":"product_tag","embeddable":true,"href":"https:\/\/ventspils.citro.lv\/ru\/wp-json\/wp\/v2\/product_tag?post=3351"}],"curies":[{"name":"wp","href":"https:\/\/api.w.org\/{rel}","templated":true}]}}