{"id":33408,"date":"2026-03-18T04:09:46","date_gmt":"2026-03-18T02:09:46","guid":{"rendered":"https:\/\/ventspils.citro.lv\/veikals\/bariba-kakiem-nau-nau-ar-vistu-300g\/"},"modified":"2026-03-18T04:09:56","modified_gmt":"2026-03-18T02:09:56","slug":"bariba-pieaugusiem-kakiem-nau-nau-ar-vistu-300g","status":"publish","type":"product","link":"https:\/\/ventspils.citro.lv\/ru\/veikals\/bariba-pieaugusiem-kakiem-nau-nau-ar-vistu-300g\/","title":{"rendered":"Bar\u012bba pieaugu\u0161iem ka\u0137iem \u0145au \u0145au ar vistu 300g"},"content":{"rendered":"","protected":false},"excerpt":{"rendered":"<p>6.63 \u20ac\/kg<\/p>\n","protected":false},"featured_media":1228318,"template":"","meta":{"_acf_changed":false,"inline_featured_image":false},"product_cat":[153,175],"product_tag":[],"acf":[],"aioseo_notices":[],"_links":{"self":[{"href":"https:\/\/ventspils.citro.lv\/ru\/wp-json\/wp\/v2\/product\/33408"}],"collection":[{"href":"https:\/\/ventspils.citro.lv\/ru\/wp-json\/wp\/v2\/product"}],"about":[{"href":"https:\/\/ventspils.citro.lv\/ru\/wp-json\/wp\/v2\/types\/product"}],"wp:featuredmedia":[{"embeddable":true,"href":"https:\/\/ventspils.citro.lv\/ru\/wp-json\/wp\/v2\/media\/1228318"}],"wp:attachment":[{"href":"https:\/\/ventspils.citro.lv\/ru\/wp-json\/wp\/v2\/media?parent=33408"}],"wp:term":[{"taxonomy":"product_cat","embeddable":true,"href":"https:\/\/ventspils.citro.lv\/ru\/wp-json\/wp\/v2\/product_cat?post=33408"},{"taxonomy":"product_tag","embeddable":true,"href":"https:\/\/ventspils.citro.lv\/ru\/wp-json\/wp\/v2\/product_tag?post=33408"}],"curies":[{"name":"wp","href":"https:\/\/api.w.org\/{rel}","templated":true}]}}