{"id":3340,"date":"2026-04-08T03:30:39","date_gmt":"2026-04-08T00:30:39","guid":{"rendered":"https:\/\/eveikals.citro.lv\/ventspils\/veikals\/kruasans-7days-ar-kirsu-vanilas-garsu-60g\/"},"modified":"2026-04-08T03:30:44","modified_gmt":"2026-04-08T00:30:44","slug":"kruasans-7days-midi-vanilas-kirsu-60g","status":"publish","type":"product","link":"https:\/\/ventspils.citro.lv\/ru\/veikals\/kruasans-7days-midi-vanilas-kirsu-60g\/","title":{"rendered":"Kruas\u0101ns 7Days midi vani\u013cas-\u0137ir\u0161u 60g"},"content":{"rendered":"","protected":false},"excerpt":{"rendered":"<p>15.83 \u20ac\/kg<\/p>\n","protected":false},"featured_media":1240610,"template":"","meta":{"_acf_changed":false,"inline_featured_image":false},"product_cat":[125,139],"product_tag":[],"acf":[],"aioseo_notices":[],"_links":{"self":[{"href":"https:\/\/ventspils.citro.lv\/ru\/wp-json\/wp\/v2\/product\/3340"}],"collection":[{"href":"https:\/\/ventspils.citro.lv\/ru\/wp-json\/wp\/v2\/product"}],"about":[{"href":"https:\/\/ventspils.citro.lv\/ru\/wp-json\/wp\/v2\/types\/product"}],"wp:featuredmedia":[{"embeddable":true,"href":"https:\/\/ventspils.citro.lv\/ru\/wp-json\/wp\/v2\/media\/1240610"}],"wp:attachment":[{"href":"https:\/\/ventspils.citro.lv\/ru\/wp-json\/wp\/v2\/media?parent=3340"}],"wp:term":[{"taxonomy":"product_cat","embeddable":true,"href":"https:\/\/ventspils.citro.lv\/ru\/wp-json\/wp\/v2\/product_cat?post=3340"},{"taxonomy":"product_tag","embeddable":true,"href":"https:\/\/ventspils.citro.lv\/ru\/wp-json\/wp\/v2\/product_tag?post=3340"}],"curies":[{"name":"wp","href":"https:\/\/api.w.org\/{rel}","templated":true}]}}