{"id":33369,"date":"2026-04-13T01:12:29","date_gmt":"2026-04-12T22:12:29","guid":{"rendered":"https:\/\/ventspils.citro.lv\/veikals\/partika-berniem-bio-hipp-ab-ban-un-avenes-ar-pilngr-100g\/"},"modified":"2026-04-13T01:12:35","modified_gmt":"2026-04-12T22:12:35","slug":"partika-berniem-bio-hipp-ab-ban-un-avenes-ar-pilngr-100g","status":"publish","type":"product","link":"https:\/\/ventspils.citro.lv\/ru\/veikals\/partika-berniem-bio-hipp-ab-ban-un-avenes-ar-pilngr-100g\/","title":{"rendered":"P\u0101rtika b\u0113rniem Bio Hipp \u0101b., ban. un avenes ar pilngr.100g"},"content":{"rendered":"","protected":false},"excerpt":{"rendered":"<p>15.60 \u20ac\/kg<\/p>\n","protected":false},"featured_media":1244888,"template":"","meta":{"_acf_changed":false,"inline_featured_image":false},"product_cat":[172,173],"product_tag":[],"acf":[],"aioseo_notices":[],"_links":{"self":[{"href":"https:\/\/ventspils.citro.lv\/ru\/wp-json\/wp\/v2\/product\/33369"}],"collection":[{"href":"https:\/\/ventspils.citro.lv\/ru\/wp-json\/wp\/v2\/product"}],"about":[{"href":"https:\/\/ventspils.citro.lv\/ru\/wp-json\/wp\/v2\/types\/product"}],"wp:featuredmedia":[{"embeddable":true,"href":"https:\/\/ventspils.citro.lv\/ru\/wp-json\/wp\/v2\/media\/1244888"}],"wp:attachment":[{"href":"https:\/\/ventspils.citro.lv\/ru\/wp-json\/wp\/v2\/media?parent=33369"}],"wp:term":[{"taxonomy":"product_cat","embeddable":true,"href":"https:\/\/ventspils.citro.lv\/ru\/wp-json\/wp\/v2\/product_cat?post=33369"},{"taxonomy":"product_tag","embeddable":true,"href":"https:\/\/ventspils.citro.lv\/ru\/wp-json\/wp\/v2\/product_tag?post=33369"}],"curies":[{"name":"wp","href":"https:\/\/api.w.org\/{rel}","templated":true}]}}