{"id":33341,"date":"2026-04-14T02:48:02","date_gmt":"2026-04-13T23:48:02","guid":{"rendered":"https:\/\/ventspils.citro.lv\/veikals\/konfeksu-izlase-rigas-melna-balzama-420g\/"},"modified":"2026-04-14T02:48:07","modified_gmt":"2026-04-13T23:48:07","slug":"konfeksu-izlase-rigas-melna-balzama-420g","status":"publish","type":"product","link":"https:\/\/ventspils.citro.lv\/ru\/veikals\/konfeksu-izlase-rigas-melna-balzama-420g\/","title":{"rendered":"Konfek\u0161u izlase R\u012bgas meln\u0101 balz\u0101ma 420g"},"content":{"rendered":"","protected":false},"excerpt":{"rendered":"<p>26.17 \u20ac\/kg<\/p>\n","protected":false},"featured_media":1245277,"template":"","meta":{"_acf_changed":false,"inline_featured_image":false},"product_cat":[125,200],"product_tag":[],"acf":[],"aioseo_notices":[],"_links":{"self":[{"href":"https:\/\/ventspils.citro.lv\/ru\/wp-json\/wp\/v2\/product\/33341"}],"collection":[{"href":"https:\/\/ventspils.citro.lv\/ru\/wp-json\/wp\/v2\/product"}],"about":[{"href":"https:\/\/ventspils.citro.lv\/ru\/wp-json\/wp\/v2\/types\/product"}],"wp:featuredmedia":[{"embeddable":true,"href":"https:\/\/ventspils.citro.lv\/ru\/wp-json\/wp\/v2\/media\/1245277"}],"wp:attachment":[{"href":"https:\/\/ventspils.citro.lv\/ru\/wp-json\/wp\/v2\/media?parent=33341"}],"wp:term":[{"taxonomy":"product_cat","embeddable":true,"href":"https:\/\/ventspils.citro.lv\/ru\/wp-json\/wp\/v2\/product_cat?post=33341"},{"taxonomy":"product_tag","embeddable":true,"href":"https:\/\/ventspils.citro.lv\/ru\/wp-json\/wp\/v2\/product_tag?post=33341"}],"curies":[{"name":"wp","href":"https:\/\/api.w.org\/{rel}","templated":true}]}}